{"id":5522,"date":"2025-04-11T15:46:46","date_gmt":"2025-04-11T13:46:46","guid":{"rendered":"https:\/\/lunter.com\/products\/tofu-marinated-teriyaki-180\/"},"modified":"2026-03-28T20:02:45","modified_gmt":"2026-03-28T19:02:45","slug":"tofu-marinated-teriyaki-180","status":"publish","type":"product","link":"https:\/\/lunter.com\/hu\/termekek\/tofu-marinated-teriyaki-180\/","title":{"rendered":"TERIYAKI TOFU"},"content":{"rendered":"<p>Utazz \u00c1zsi\u00e1ba Lunter Marin\u00e1lt Tofunkkal \u00e9des teriyaki marin\u00e1dban. Nincs id\u0151d vagy energi\u00e1d bonyolult f\u0151z\u00e9shez? Marin\u00e1lt Tofu sorozatunk el\u0151re elk\u00e9sz\u00edtett \u00e9s \u00edzzel teli. Csak meleg\u00edtsd fel \u00e9s t\u00e1lald &#8211; percek alatt k\u00e9sz.<\/p>\n","protected":false},"featured_media":5530,"menu_order":204,"template":"","product_type":[177],"class_list":["post-5522","product","type-product","status-publish","has-post-thumbnail","hentry","product_type-pacolt"],"acf":{"product_show_in_compact":"1","product_tagline":"Autentikus \u00edz minden falatban","products_weight":"180g","product_ornament_type":"splash","product_ornament_color":"#7E75AE","benefit_icons":["number-protein","non-gmo-soybeans","source-of-calcium"],"protein_amount":"25","product_details":{"ingredients":"88 % tofu (57 % sz\u00f3jabab, iv\u00f3v\u00edz, kalciumklorid),\r\n12 % marin\u00e1d (iv\u00f3v\u00edz, ferment\u00e1lt sz\u00f3jabab, ferment\u00e1lt\r\nb\u00faza \u2013 glut\u00e9nmentes, cukor, \u00e9tkez\u00e9si s\u00f3, rizsecet, kem\u00e9ny\u00edt\u0151,\r\nv\u00f6r\u00f6shagyma, fokhagyma, gy\u00f6mb\u00e9r, anan\u00e1sz p\u00fcr\u00e9)","packaging_image":1181,"nutritional_values":"<table class=\"nutritional-table\">\r\n<tbody>\r\n<tr>\r\n<th colspan=\"2\">T\u00e1p\u00e9rt\u00e9kek 100 g-ra<\/th>\r\n<\/tr>\r\n<tr>\r\n<td>Energia<\/td>\r\n<td>576 kJ\/138 kcal<\/td>\r\n<\/tr>\r\n<tr>\r\n<td>Zs\u00edr<\/td>\r\n<td>7,7 g<\/td>\r\n<\/tr>\r\n<tr>\r\n<td>\u2013 ebb\u0151l tel\u00edtett zs\u00edrsavak<\/td>\r\n<td>1,2 g<\/td>\r\n<\/tr>\r\n<tr>\r\n<td>Sz\u00e9nhidr\u00e1t<\/td>\r\n<td>2,1 g<\/td>\r\n<\/tr>\r\n<tr>\r\n<td>\u2013 ebb\u0151l cukrok<\/td>\r\n<td>1,9 g<\/td>\r\n<\/tr>\r\n<tr>\r\n<td>Rost<\/td>\r\n<td>2,2 g<\/td>\r\n<\/tr>\r\n<tr>\r\n<td>Feh\u00e9rje<\/td>\r\n<td>14 g<\/td>\r\n<\/tr>\r\n<tr>\r\n<td>S\u00f3<\/td>\r\n<td>1,1 g<\/td>\r\n<\/tr>\r\n<tr>\r\n<td>Kalcium<\/td>\r\n<td>210 mg**<\/td>\r\n<\/tr>\r\n<\/tbody>\r\n<\/table>\r\n<p class=\"note\">**26% NRV (NRV = Napi Referencia Beviteli \u00c9rt\u00e9k)<\/p>"},"product_benefits":{"benefit_image":3604,"benefit_1":"T\u00f6k\u00e9letesen kiegyens\u00falyozott \u00edz","benefit_2":"Szeretettel k\u00e9sz\u00edtve","benefit_3":"Engedd szabadj\u00e1ra kreativit\u00e1sod","benefit_4":"Tiszta & min\u0151s\u00e9gi alapanyagok"}},"_links":{"self":[{"href":"https:\/\/lunter.com\/hu\/wp-json\/wp\/v2\/product\/5522","targetHints":{"allow":["GET"]}}],"collection":[{"href":"https:\/\/lunter.com\/hu\/wp-json\/wp\/v2\/product"}],"about":[{"href":"https:\/\/lunter.com\/hu\/wp-json\/wp\/v2\/types\/product"}],"wp:featuredmedia":[{"embeddable":true,"href":"https:\/\/lunter.com\/hu\/wp-json\/wp\/v2\/media\/5530"}],"wp:attachment":[{"href":"https:\/\/lunter.com\/hu\/wp-json\/wp\/v2\/media?parent=5522"}],"wp:term":[{"taxonomy":"product_type","embeddable":true,"href":"https:\/\/lunter.com\/hu\/wp-json\/wp\/v2\/product_type?post=5522"}],"curies":[{"name":"wp","href":"https:\/\/api.w.org\/{rel}","templated":true}]}}