{"id":5512,"date":"2025-05-14T11:23:26","date_gmt":"2025-05-14T09:23:26","guid":{"rendered":"https:\/\/lunter.com\/products\/lunter-smoky-bbq-tofu\/"},"modified":"2026-03-31T20:49:15","modified_gmt":"2026-03-31T18:49:15","slug":"lunter-smoky-bbq-tofu","status":"publish","type":"product","link":"https:\/\/lunter.com\/hu\/termekek\/lunter-smoky-bbq-tofu\/","title":{"rendered":"LUNTER BBQ F\u00dcST\u00d6S TOFU"},"content":{"rendered":"\n<p>Rendesen j\u00f3 texasi BBQ-ra v\u00e1gysz, de h\u00fas n\u00e9lk\u00fcl? Fedezd fel els\u0151 f\u00fcst\u00f6lt tofunkat, amelyet finoman f\u00fcst\u00f6s sz\u00f3szban marin\u00e1lt gazdag \u00edzzel k\u00e9sz\u00edtett\u00fcnk. Csak add hozz\u00e1 b\u00e1rmilyen \u00e9telhez &#8211; grillezett z\u00f6lds\u00e9gekhez, burgerbe, sal\u00e1t\u00e1ba vagy egyszer\u0171en \u00f6nmag\u00e1ban.<\/p>\n","protected":false},"featured_media":5726,"menu_order":0,"template":"","product_type":[177,172],"class_list":["post-5512","product","type-product","status-publish","has-post-thumbnail","hentry","product_type-pacolt","product_type-tofu-hu"],"acf":{"product_show_in_compact":"1","product_tagline":"Autentikus \u00edz minden falatban","products_weight":"180 g","product_ornament_type":"splash","product_ornament_color":"#b07b67","benefit_icons":["number-protein","non-gmo-soybeans","source-of-calcium"],"protein_amount":"25","product_details":{"ingredients":"88% f\u00fcst\u00f6lt tofu (57% sz\u00f3jabab, v\u00edz, s\u00f3, kalcium), 12% marin\u00e1d (v\u00edz, cukor, paradicsomp\u00fcr\u00e9, almaecet, sz\u00f3jabab, ferment\u00e1lt b\u00faza \u2013 glut\u00e9nmentes, repceolaj, ferment\u00e1lt alkoholecet, s\u00f3, 3% must\u00e1r, hagyma, paprika, kukoricakem\u00e9ny\u00edt\u0151, fokhagyma, karamelliz\u00e1lt cukor, s\u0171r\u00edtm\u00e9nyb\u0151l k\u00e9sz\u00fclt paradicsoml\u00e9, s\u0171r\u00edtm\u00e9nyb\u0151l k\u00e9sz\u00fclt almal\u00e9, f\u0171szerek, term\u00e9szetes aroma, chili)","packaging_image":1121,"nutritional_values":"<table class=\"nutritional-table\">\r\n<tbody>\r\n<tr>\r\n<th colspan=\"2\">T\u00e1p\u00e9rt\u00e9kek 100 g-ra<\/th>\r\n<\/tr>\r\n<tr>\r\n<td>Energia<\/td>\r\n<td>580 kJ\/139 kcal<\/td>\r\n<\/tr>\r\n<tr>\r\n<td>Zs\u00edr<\/td>\r\n<td>8,1 g<\/td>\r\n<\/tr>\r\n<tr>\r\n<td>\u2013 ebb\u0151l tel\u00edtett zs\u00edrsavak<\/td>\r\n<td>1,6 g<\/td>\r\n<\/tr>\r\n<tr>\r\n<td>Sz\u00e9nhidr\u00e1t<\/td>\r\n<td>2,0 g<\/td>\r\n<\/tr>\r\n<tr>\r\n<td>\u2013 ebb\u0151l cukrok<\/td>\r\n<td>1,4 g<\/td>\r\n<\/tr>\r\n<tr>\r\n<td>Rost<\/td>\r\n<td>1,6 g<\/td>\r\n<\/tr>\r\n<tr>\r\n<td>Feh\u00e9rje<\/td>\r\n<td>14 g<\/td>\r\n<\/tr>\r\n<tr>\r\n<td>S\u00f3<\/td>\r\n<td>1,0 g<\/td>\r\n<\/tr>\r\n<tr>\r\n<td>Kalcium<\/td>\r\n<td>210 mg**<\/td>\r\n<\/tr>\r\n<\/tbody>\r\n<\/table>\r\n<p class=\"note\">**26% NRV (NRV = Napi Referencia Beviteli \u00c9rt\u00e9k)<\/p>"},"product_benefits":{"benefit_image":3614,"benefit_1":"T\u00f6k\u00e9letesen kiegyens\u00falyozott \u00edz","benefit_2":"Szeretettel k\u00e9sz\u00edtve","benefit_3":"Engedd szabadj\u00e1ra kreativit\u00e1sod","benefit_4":"Tiszta & min\u0151s\u00e9gi alapanyagok"}},"_links":{"self":[{"href":"https:\/\/lunter.com\/hu\/wp-json\/wp\/v2\/product\/5512","targetHints":{"allow":["GET"]}}],"collection":[{"href":"https:\/\/lunter.com\/hu\/wp-json\/wp\/v2\/product"}],"about":[{"href":"https:\/\/lunter.com\/hu\/wp-json\/wp\/v2\/types\/product"}],"wp:featuredmedia":[{"embeddable":true,"href":"https:\/\/lunter.com\/hu\/wp-json\/wp\/v2\/media\/5726"}],"wp:attachment":[{"href":"https:\/\/lunter.com\/hu\/wp-json\/wp\/v2\/media?parent=5512"}],"wp:term":[{"taxonomy":"product_type","embeddable":true,"href":"https:\/\/lunter.com\/hu\/wp-json\/wp\/v2\/product_type?post=5512"}],"curies":[{"name":"wp","href":"https:\/\/api.w.org\/{rel}","templated":true}]}}