{"id":5503,"date":"2026-04-01T00:00:00","date_gmt":"2026-03-31T22:00:00","guid":{"rendered":"https:\/\/lunter.com\/products\/tofu-marinated-sweet-chilli-180\/"},"modified":"2026-03-31T20:31:29","modified_gmt":"2026-03-31T18:31:29","slug":"tofu-marinated-sweet-chilli-180","status":"publish","type":"product","link":"https:\/\/lunter.com\/hu\/termekek\/tofu-marinated-sweet-chilli-180\/","title":{"rendered":"\u00c9DES CHILIS TOFU"},"content":{"rendered":"<p>Thaif\u00f6ld az \u00faj Horv\u00e1torsz\u00e1g! \u00c9s amikor t\u00e1vol-keleti nyaral\u00e1sr\u00f3l \u00e1lmodsz, de otthon vagy, Sweet Chilli tofunk \u00e9l\u0151 \u00edzeket hoz k\u00f6zvetlen\u00fcl a konyh\u00e1dba. \u00c9des-cs\u00edp\u0151s marin\u00e1d, amely t\u00f6k\u00e9letesen kiegyens\u00falyozott \u00e9s azonnal haszn\u00e1latra k\u00e9sz. Nincs f\u0151z\u00e9s, nincs marin\u00e1l\u00e1s &#8211; csak \u00e9lvezd.<\/p>\n","protected":false},"featured_media":5683,"template":"","product_type":[177],"class_list":["post-5503","product","type-product","status-publish","has-post-thumbnail","hentry","product_type-pacolt"],"acf":{"product_show_in_compact":"1","product_tagline":"Autentikus \u00edz minden falatban","products_weight":"180g","product_ornament_type":"splash","product_ornament_color":"#E77E53","benefit_icons":["number-protein","non-gmo-soybeans","source-of-calcium"],"protein_amount":"23","product_details":{"ingredients":"88 % tofu (57 % sz\u00f3jabab, iv\u00f3v\u00edz, kalcium-klorid), 12 % marin\u00e1d\r\n[iv\u00f3v\u00edz, repceolaj, cukor, \u00e9tkez\u00e9si s\u00f3, term\u00e9szetes arom\u00e1k, f\u0171szerek\r\n(gy\u00f6mb\u00e9r, 1 % chili), sz\u00e1r\u00edtott z\u00f6lds\u00e9gek (v\u00f6r\u00f6shagyma, fokhagyma,\r\nparadicsom), f\u0171szerkivonatok, kem\u00e9ny\u00edt\u0151","packaging_image":1111,"nutritional_values":"<table class=\"nutritional-table\">\r\n<tbody>\r\n<tr>\r\n<th colspan=\"2\">T\u00e1p\u00e9rt\u00e9kek 100 g-ra<\/th>\r\n<\/tr>\r\n<tr>\r\n<td>Energia<\/td>\r\n<td>620 kJ\/149 kcal<\/td>\r\n<\/tr>\r\n<tr>\r\n<td>Zs\u00edr<\/td>\r\n<td>8,5 g<\/td>\r\n<\/tr>\r\n<tr>\r\n<td>\u2013 ebb\u0151l tel\u00edtett zs\u00edrsavak<\/td>\r\n<td>1,0 g<\/td>\r\n<\/tr>\r\n<tr>\r\n<td>Sz\u00e9nhidr\u00e1t<\/td>\r\n<td>4,0 g<\/td>\r\n<\/tr>\r\n<tr>\r\n<td>\u2013 ebb\u0151l cukrok<\/td>\r\n<td>2,0 g<\/td>\r\n<\/tr>\r\n<tr>\r\n<td>Rost<\/td>\r\n<td>2,0 g<\/td>\r\n<\/tr>\r\n<tr>\r\n<td>Feh\u00e9rje<\/td>\r\n<td>13 g<\/td>\r\n<\/tr>\r\n<tr>\r\n<td>S\u00f3<\/td>\r\n<td>1,5 g<\/td>\r\n<\/tr>\r\n<tr>\r\n<td>Kalcium<\/td>\r\n<td>210 mg**<\/td>\r\n<\/tr>\r\n<\/tbody>\r\n<\/table>\r\n<p class=\"note\">**26% NRV (NRV = Napi Referencia Beviteli \u00c9rt\u00e9k)<\/p>"},"product_benefits":{"benefit_image":3599,"benefit_1":"T\u00f6k\u00e9letesen kiegyens\u00falyozott \u00edz","benefit_2":"Szeretettel k\u00e9sz\u00edtve","benefit_3":"Engedd szabadj\u00e1ra kreativit\u00e1sod","benefit_4":"Tiszta & min\u0151s\u00e9gi alapanyagok"}},"_links":{"self":[{"href":"https:\/\/lunter.com\/hu\/wp-json\/wp\/v2\/product\/5503","targetHints":{"allow":["GET"]}}],"collection":[{"href":"https:\/\/lunter.com\/hu\/wp-json\/wp\/v2\/product"}],"about":[{"href":"https:\/\/lunter.com\/hu\/wp-json\/wp\/v2\/types\/product"}],"wp:featuredmedia":[{"embeddable":true,"href":"https:\/\/lunter.com\/hu\/wp-json\/wp\/v2\/media\/5683"}],"wp:attachment":[{"href":"https:\/\/lunter.com\/hu\/wp-json\/wp\/v2\/media?parent=5503"}],"wp:term":[{"taxonomy":"product_type","embeddable":true,"href":"https:\/\/lunter.com\/hu\/wp-json\/wp\/v2\/product_type?post=5503"}],"curies":[{"name":"wp","href":"https:\/\/api.w.org\/{rel}","templated":true}]}}