{"id":5500,"date":"2025-04-11T15:46:46","date_gmt":"2025-04-11T13:46:46","guid":{"rendered":"https:\/\/lunter.com\/products\/salad-tofu-basil-180\/"},"modified":"2026-03-28T19:35:06","modified_gmt":"2026-03-28T18:35:06","slug":"salad-tofu-basil-180","status":"publish","type":"product","link":"https:\/\/lunter.com\/hu\/termekek\/salad-tofu-basil-180\/","title":{"rendered":"BAZSALIKOMOS TOFU SAL\u00c1TA"},"content":{"rendered":"<p>Bazsalikomos, friss, szinte olyan, mint egy olasz szell\u0151 a t\u00e1ny\u00e9rodon. Csak tengerparti nyaral\u00e1s n\u00e9lk\u00fcl. \u00c9lvezd kedvenc sal\u00e1t\u00e1dban vagy szendvicsedben, k\u00e9sz\u00edts bel\u0151le omletet vagy wrapt. El\u0151re marin\u00e1lt \u00e9s k\u00e9szen \u00e1ll haszn\u00e1latra &#8211; csak nyisd ki \u00e9s add hozz\u00e1 b\u00e1rmilyen \u00e9telhez.<\/p>\n","protected":false},"featured_media":437,"menu_order":223,"template":"","product_type":[181],"class_list":["post-5500","product","type-product","status-publish","has-post-thumbnail","hentry","product_type-salad-tofu-hu"],"acf":{"product_show_in_compact":"1","product_tagline":"K\u00f6nnyeds\u00e9g minden falatban","products_weight":"160g \/ 180g","product_ornament_type":"cube","product_ornament_color":"#74A879","benefit_icons":["number-protein","non-gmo-soybeans","source-of-calcium"],"protein_amount":"23","product_details":{"ingredients":"57 % sz\u00f3jabab, iv\u00f3v\u00edz, \u00e9tkez\u00e9si s\u00f3, 0,25 %\r\nsz\u00e1r\u00edtott bazsalikom, kalcium-klorid","packaging_image":1151,"nutritional_values":"<table class=\"nutritional-table\">\r\n<tbody>\r\n<tr>\r\n<th colspan=\"2\">T\u00e1p\u00e9rt\u00e9kek 100 g-ra<\/th>\r\n<\/tr>\r\n<tr>\r\n<td>Energia<\/td>\r\n<td>537 kJ\/129 kcal<\/td>\r\n<\/tr>\r\n<tr>\r\n<td>Zs\u00edr<\/td>\r\n<td>7,5 g<\/td>\r\n<\/tr>\r\n<tr>\r\n<td>\u2013 ebb\u0151l tel\u00edtett zs\u00edrsavak<\/td>\r\n<td>1,0 g<\/td>\r\n<\/tr>\r\n<tr>\r\n<td>Sz\u00e9nhidr\u00e1t<\/td>\r\n<td>1,8 g<\/td>\r\n<\/tr>\r\n<tr>\r\n<td>\u2013 ebb\u0151l cukrok<\/td>\r\n<td>&lt;0,5 g<\/td>\r\n<\/tr>\r\n<tr>\r\n<td>Rost<\/td>\r\n<td>1,0 g<\/td>\r\n<\/tr>\r\n<tr>\r\n<td>Feh\u00e9rje<\/td>\r\n<td>13 g<\/td>\r\n<\/tr>\r\n<tr>\r\n<td>S\u00f3<\/td>\r\n<td>1,0 g<\/td>\r\n<\/tr>\r\n<tr>\r\n<td>Kalcium<\/td>\r\n<td>210 mg**<\/td>\r\n<\/tr>\r\n<\/tbody>\r\n<\/table>\r\n<p class=\"note\">**26% NRV (NRV = Napi Referencia Beviteli \u00c9rt\u00e9k)<\/p>"},"product_benefits":{"benefit_image":3544,"benefit_1":"Szeretettel k\u00e9sz\u00edtve","benefit_2":"Szlov\u00e1ki\u00e1ban k\u00e9sz\u00fclt","benefit_3":"Engedd szabadj\u00e1ra kreativit\u00e1sod","benefit_4":"Tiszta & min\u0151s\u00e9gi alapanyagok"}},"_links":{"self":[{"href":"https:\/\/lunter.com\/hu\/wp-json\/wp\/v2\/product\/5500","targetHints":{"allow":["GET"]}}],"collection":[{"href":"https:\/\/lunter.com\/hu\/wp-json\/wp\/v2\/product"}],"about":[{"href":"https:\/\/lunter.com\/hu\/wp-json\/wp\/v2\/types\/product"}],"wp:featuredmedia":[{"embeddable":true,"href":"https:\/\/lunter.com\/hu\/wp-json\/wp\/v2\/media\/437"}],"wp:attachment":[{"href":"https:\/\/lunter.com\/hu\/wp-json\/wp\/v2\/media?parent=5500"}],"wp:term":[{"taxonomy":"product_type","embeddable":true,"href":"https:\/\/lunter.com\/hu\/wp-json\/wp\/v2\/product_type?post=5500"}],"curies":[{"name":"wp","href":"https:\/\/api.w.org\/{rel}","templated":true}]}}