{"id":5491,"date":"2025-04-11T15:46:46","date_gmt":"2025-04-11T13:46:46","guid":{"rendered":"https:\/\/lunter.com\/products\/tofu-marinated-soy-sauce-180\/"},"modified":"2026-03-28T19:32:17","modified_gmt":"2026-03-28T18:32:17","slug":"tofu-marinated-soy-sauce-180","status":"publish","type":"product","link":"https:\/\/lunter.com\/hu\/termekek\/tofu-marinated-soy-sauce-180\/","title":{"rendered":"SZ\u00d3JASZ\u00d3SZBAN MARIN\u00c1LT TOFU"},"content":{"rendered":"<p>M\u00e1r unod v\u00e1rni \u00f3r\u00e1kat, am\u00edg az \u00edzek \u00f6sszekeverednek \u00e9s \u00e1titatj\u00e1k a tofut? Fedezd fel a Lunter Marin\u00e1lt Tofut, t\u00f6k\u00e9letesen marin\u00e1lva \u00e9s s\u00fctve min\u0151s\u00e9gi sz\u00f3jasz\u00f3szban. Nincs hossz\u00fa marin\u00e1l\u00e1s, nincs f\u0171szerezget\u00e9s &#8211; csak nyisd ki \u00e9s \u00e9lvezd. T\u00f6k\u00e9letes sal\u00e1t\u00e1khoz, wokhoz, rizs k\u00f6rethez vagy szendvicsekhez.<\/p>\n","protected":false},"featured_media":5492,"menu_order":200,"template":"","product_type":[177],"class_list":["post-5491","product","type-product","status-publish","has-post-thumbnail","hentry","product_type-pacolt"],"acf":{"product_show_in_compact":"1","product_tagline":"Autentikus \u00edz minden falatban","products_weight":"160g \/ 180g","product_ornament_type":"splash","product_ornament_color":"#BF7B9C","benefit_icons":["number-protein","non-gmo-soybeans","source-of-calcium"],"protein_amount":"25","product_details":{"ingredients":"92 % tofu (57 % sz\u00f3jabab, iv\u00f3v\u00edz, kalcium-klorid), 8 % marin\u00e1d (iv\u00f3v\u00edz,\r\nferment\u00e1lt sz\u00f3jabab, ferment\u00e1lt b\u00faza \u2013 glut\u00e9nmentes, \u00e9tkez\u00e9si\r\ns\u00f3, v\u00f6r\u00f6shagyma, repceolaj, fokhagyma, f\u0171szerek, f\u0171szern\u00f6v\u00e9nyek)","packaging_image":1176,"nutritional_values":"<table class=\"nutritional-table\">\r\n<tbody>\r\n<tr>\r\n<th colspan=\"2\">T\u00e1p\u00e9rt\u00e9kek 100 g-ra<\/th>\r\n<\/tr>\r\n<tr>\r\n<td>Energia<\/td>\r\n<td>573 kJ\/137 kcal<\/td>\r\n<\/tr>\r\n<tr>\r\n<td>Zs\u00edr<\/td>\r\n<td>8,0 g<\/td>\r\n<\/tr>\r\n<tr>\r\n<td>\u2013 ebb\u0151l tel\u00edtett zs\u00edrsavak<\/td>\r\n<td>1,0 g<\/td>\r\n<\/tr>\r\n<tr>\r\n<td>Sz\u00e9nhidr\u00e1t<\/td>\r\n<td>1,8 g<\/td>\r\n<\/tr>\r\n<tr>\r\n<td>\u2013 ebb\u0151l cukrok<\/td>\r\n<td>&lt;0,5 g<\/td>\r\n<\/tr>\r\n<tr>\r\n<td>Rost<\/td>\r\n<td>1,0 g<\/td>\r\n<\/tr>\r\n<tr>\r\n<td>Feh\u00e9rje<\/td>\r\n<td>14 g<\/td>\r\n<\/tr>\r\n<tr>\r\n<td>S\u00f3<\/td>\r\n<td>1,0 g<\/td>\r\n<\/tr>\r\n<tr>\r\n<td>Kalcium<\/td>\r\n<td>220 mg**<\/td>\r\n<\/tr>\r\n<\/tbody>\r\n<\/table>\r\n<p class=\"note\">**28% NRV (NRV = Napi Referencia Beviteli \u00c9rt\u00e9k)<\/p>"},"product_benefits":{"benefit_image":3594,"benefit_1":"T\u00f6k\u00e9letesen kiegyens\u00falyozott \u00edz","benefit_2":"Szeretettel k\u00e9sz\u00edtve","benefit_3":"Engedd szabadj\u00e1ra kreativit\u00e1sod","benefit_4":"Tiszta & min\u0151s\u00e9gi alapanyagok"}},"_links":{"self":[{"href":"https:\/\/lunter.com\/hu\/wp-json\/wp\/v2\/product\/5491","targetHints":{"allow":["GET"]}}],"collection":[{"href":"https:\/\/lunter.com\/hu\/wp-json\/wp\/v2\/product"}],"about":[{"href":"https:\/\/lunter.com\/hu\/wp-json\/wp\/v2\/types\/product"}],"wp:featuredmedia":[{"embeddable":true,"href":"https:\/\/lunter.com\/hu\/wp-json\/wp\/v2\/media\/5492"}],"wp:attachment":[{"href":"https:\/\/lunter.com\/hu\/wp-json\/wp\/v2\/media?parent=5491"}],"wp:term":[{"taxonomy":"product_type","embeddable":true,"href":"https:\/\/lunter.com\/hu\/wp-json\/wp\/v2\/product_type?post=5491"}],"curies":[{"name":"wp","href":"https:\/\/api.w.org\/{rel}","templated":true}]}}