{"id":5481,"date":"2025-04-11T15:46:46","date_gmt":"2025-04-11T13:46:46","guid":{"rendered":"https:\/\/lunter.com\/products\/tofu-smoked-180\/"},"modified":"2026-03-28T19:24:52","modified_gmt":"2026-03-28T18:24:52","slug":"tofu-smoked-180","status":"publish","type":"product","link":"https:\/\/lunter.com\/hu\/termekek\/tofu-smoked-180\/","title":{"rendered":"F\u00dcST\u00d6LT TOFU"},"content":{"rendered":"<p>Gazdag, f\u00fcst\u00f6s \u00edzre v\u00e1gysz, de mesters\u00e9ges arom\u00e1k n\u00e9lk\u00fcl? A Lunter F\u00fcst\u00f6lt Tofu neked val\u00f3. Becs\u00fcletesen b\u00fckkf\u00e1n f\u00fcst\u00f6lve, semmi tr\u00fckk, semmi felesleges. Csak tiszta f\u00fcst\u00f6s \u00edz, amely term\u00e9szetesen j\u00f6n. T\u00f6k\u00e9letes sal\u00e1t\u00e1khoz, szendvicsekhez, grillen, wokban vagy \u00f6nmag\u00e1ban snackk\u00e9nt. Gazdag feh\u00e9rj\u00e9ben, k\u00f6nny\u0171 em\u00e9szteni.<\/p>\n","protected":false},"featured_media":5482,"template":"","product_type":[185],"class_list":["post-5481","product","type-product","status-publish","has-post-thumbnail","hentry","product_type-hagyomanyos"],"acf":{"product_show_in_compact":"1","product_tagline":"Becs\u00fcletesen f\u00fcst\u00f6lt b\u00fckkf\u00e1n","products_weight":"160g \/ 180g","product_ornament_type":"cube","product_ornament_color":"#B07B67","benefit_icons":["number-protein","non-gmo-soybeans","source-of-calcium"],"protein_amount":"27","product_details":{"ingredients":"57 % sz\u00f3jabab, iv\u00f3v\u00edz, \u00e9tkez\u00e9si s\u00f3, b\u00fckkfaf\u00fcst.","packaging_image":1121,"nutritional_values":"<table class=\"nutritional-table\">\r\n<tbody>\r\n<tr>\r\n<th colspan=\"2\">T\u00e1p\u00e9rt\u00e9kek 100 g-ra<\/th>\r\n<\/tr>\r\n<tr>\r\n<td>Energia<\/td>\r\n<td>610 kJ\/146 kcal<\/td>\r\n<\/tr>\r\n<tr>\r\n<td>Zs\u00edr<\/td>\r\n<td>8,5 g<\/td>\r\n<\/tr>\r\n<tr>\r\n<td>\u2013 ebb\u0151l tel\u00edtett zs\u00edrsavak<\/td>\r\n<td>1,3 g<\/td>\r\n<\/tr>\r\n<tr>\r\n<td>Sz\u00e9nhidr\u00e1t<\/td>\r\n<td>1,9 g<\/td>\r\n<\/tr>\r\n<tr>\r\n<td>\u2013 ebb\u0151l cukrok<\/td>\r\n<td>0,5 g<\/td>\r\n<\/tr>\r\n<tr>\r\n<td>Rost<\/td>\r\n<td>1,0 g<\/td>\r\n<\/tr>\r\n<tr>\r\n<td>Feh\u00e9rje<\/td>\r\n<td>15 g<\/td>\r\n<\/tr>\r\n<tr>\r\n<td>S\u00f3<\/td>\r\n<td>0,90 g<\/td>\r\n<\/tr>\r\n<tr>\r\n<td>Kalcium<\/td>\r\n<td>220 mg**<\/td>\r\n<\/tr>\r\n<\/tbody>\r\n<\/table>\r\n<p class=\"note\">**28% NRV (NRV = Napi Referencia Beviteli \u00c9rt\u00e9k)<\/p>"},"product_benefits":{"benefit_image":3614,"benefit_1":"Hagyom\u00e1nyos gy\u00e1rt\u00e1si m\u00f3dszer","benefit_2":"Szlov\u00e1ki\u00e1ban k\u00e9sz\u00fclt","benefit_3":"Engedd szabadj\u00e1ra kreativit\u00e1sod","benefit_4":"Tiszta & min\u0151s\u00e9gi alapanyagok"}},"_links":{"self":[{"href":"https:\/\/lunter.com\/hu\/wp-json\/wp\/v2\/product\/5481","targetHints":{"allow":["GET"]}}],"collection":[{"href":"https:\/\/lunter.com\/hu\/wp-json\/wp\/v2\/product"}],"about":[{"href":"https:\/\/lunter.com\/hu\/wp-json\/wp\/v2\/types\/product"}],"wp:featuredmedia":[{"embeddable":true,"href":"https:\/\/lunter.com\/hu\/wp-json\/wp\/v2\/media\/5482"}],"wp:attachment":[{"href":"https:\/\/lunter.com\/hu\/wp-json\/wp\/v2\/media?parent=5481"}],"wp:term":[{"taxonomy":"product_type","embeddable":true,"href":"https:\/\/lunter.com\/hu\/wp-json\/wp\/v2\/product_type?post=5481"}],"curies":[{"name":"wp","href":"https:\/\/api.w.org\/{rel}","templated":true}]}}