{"id":5472,"date":"2025-04-11T15:46:46","date_gmt":"2025-04-11T13:46:46","guid":{"rendered":"https:\/\/lunter.com\/products\/tofu-natural-180\/"},"modified":"2026-03-28T19:21:31","modified_gmt":"2026-03-28T18:21:31","slug":"tofu-natural-180","status":"publish","type":"product","link":"https:\/\/lunter.com\/hu\/termekek\/tofu-natural-180\/","title":{"rendered":"NAT\u00daR TOFU"},"content":{"rendered":"<p>Tofu kezd\u0151 vagy, \u00e9s nem tudod, melyik recepttel kezdj? Akkor a Lunter Nat\u00far Tofu a t\u00f6k\u00e9letes v\u00e1laszt\u00e1s sz\u00e1modra! Tiszta, egyszer\u0171, \u00e9s semmi felesleges. K\u00e9szen \u00e1ll mindenre, amit a konyh\u00e1ban kital\u00e1lsz. Marin\u00e1lni, grillezni, turmixba tenni vagy s\u00fctem\u00e9nybe keverni szeretn\u00e9d? Semmi probl\u00e9ma. Semleges \u00edze minden recepthez alkalmazkodik. Gazdag feh\u00e9rj\u00e9ben, k\u00f6nny\u0171 em\u00e9szteni, 100% n\u00f6v\u00e9nyi. Csak nyisd ki \u00e9s kezdj el f\u0151zni. Az egyetlen korl\u00e1t a kreativit\u00e1sod.<\/p>\n","protected":false},"featured_media":5473,"template":"","product_type":[185],"class_list":["post-5472","product","type-product","status-publish","has-post-thumbnail","hentry","product_type-hagyomanyos"],"acf":{"product_show_in_compact":"1","product_tagline":"Klasszikus, amit mindenki megszeret","products_weight":"160g \/ 180g","product_ornament_type":"cube","product_ornament_color":"#F5B967","benefit_icons":["number-protein","non-gmo-soybeans","source-of-calcium"],"protein_amount":"27","product_details":{"ingredients":"57% sz\u00f3jabab, iv\u00f3v\u00edz","packaging_image":1116,"nutritional_values":"<table class=\"nutritional-table\">\r\n<tbody>\r\n<tr>\r\n<th colspan=\"2\">T\u00e1p\u00e9rt\u00e9kek 100 g-ra<\/th>\r\n<\/tr>\r\n<tr>\r\n<td>Energia<\/td>\r\n<td>608 kJ\/146 kcal<\/td>\r\n<\/tr>\r\n<tr>\r\n<td>Zs\u00edr<\/td>\r\n<td>8,5 g<\/td>\r\n<\/tr>\r\n<tr>\r\n<td>\u2013 ebb\u0151l tel\u00edtett zs\u00edrsavak<\/td>\r\n<td>1,3 g<\/td>\r\n<\/tr>\r\n<tr>\r\n<td>Sz\u00e9nhidr\u00e1t<\/td>\r\n<td>1,8 g<\/td>\r\n<\/tr>\r\n<tr>\r\n<td>\u2013 ebb\u0151l cukrok<\/td>\r\n<td>0,5 g<\/td>\r\n<\/tr>\r\n<tr>\r\n<td>Rost<\/td>\r\n<td>1,0 g<\/td>\r\n<\/tr>\r\n<tr>\r\n<td>Feh\u00e9rje<\/td>\r\n<td>15 g<\/td>\r\n<\/tr>\r\n<tr>\r\n<td>S\u00f3<\/td>\r\n<td>0,03 g<\/td>\r\n<\/tr>\r\n<tr>\r\n<td>Kalcium<\/td>\r\n<td>210 mg**<\/td>\r\n<\/tr>\r\n<\/tbody>\r\n<\/table>\r\n<p class=\"note\">**26% NRV (NRV = Napi Referencia Beviteli \u00c9rt\u00e9k)<\/p>"},"product_benefits":{"benefit_image":3609,"benefit_1":"Hagyom\u00e1nyos gy\u00e1rt\u00e1si m\u00f3dszer","benefit_2":"Szlov\u00e1ki\u00e1ban k\u00e9sz\u00fclt","benefit_3":"Engedd szabadj\u00e1ra kreativit\u00e1sod","benefit_4":"Tiszta & min\u0151s\u00e9gi alapanyagok"}},"_links":{"self":[{"href":"https:\/\/lunter.com\/hu\/wp-json\/wp\/v2\/product\/5472","targetHints":{"allow":["GET"]}}],"collection":[{"href":"https:\/\/lunter.com\/hu\/wp-json\/wp\/v2\/product"}],"about":[{"href":"https:\/\/lunter.com\/hu\/wp-json\/wp\/v2\/types\/product"}],"wp:featuredmedia":[{"embeddable":true,"href":"https:\/\/lunter.com\/hu\/wp-json\/wp\/v2\/media\/5473"}],"wp:attachment":[{"href":"https:\/\/lunter.com\/hu\/wp-json\/wp\/v2\/media?parent=5472"}],"wp:term":[{"taxonomy":"product_type","embeddable":true,"href":"https:\/\/lunter.com\/hu\/wp-json\/wp\/v2\/product_type?post=5472"}],"curies":[{"name":"wp","href":"https:\/\/api.w.org\/{rel}","templated":true}]}}