{"id":4801,"date":"2025-04-07T20:10:03","date_gmt":"2025-04-07T18:10:03","guid":{"rendered":"https:\/\/lunter.com\/about-us\/"},"modified":"2026-02-23T16:33:14","modified_gmt":"2026-02-23T15:33:14","slug":"rolunk","status":"publish","type":"page","link":"https:\/\/lunter.com\/hu\/rolunk\/","title":{"rendered":"R\u00d3LUNK"},"content":{"rendered":"\n<p>A kiv\u00e1l\u00f3 tofuhoz nem kell doktori c\u00edm. Csak tiszta alapanyagok, egy k\u00f6r\u00fclbel\u00fcl 2000 \u00e9ve bev\u00e1lt m\u00f3dszer \u00e9s semmi furcsa adal\u00e9kanyag, amit sem \u00d6n, sem mi nem tudunk kiejteni. T\u00f6bb mint 30 \u00e9ve egyszer\u0171en fogjuk fel a dolgot: olyan tofut k\u00e9sz\u00edt\u00fcnk, amilyet szeret\u00fcnk \u2013 \u00edzletes, kiv\u00e1l\u00f3 min\u0151s\u00e9g\u0171 \u00e9s k\u00f6nnyen felhaszn\u00e1lhat\u00f3 b\u00e1rmilyen \u00e9telhez, b\u00e1rmikor, b\u00e1rmilyen m\u00f3don.<\/p>\n\n\n\n<p>Ak\u00e1r r\u00e9g\u00f3ta rajong a tofu\u00e9rt, ak\u00e1r most fedezte fel, ak\u00e1r csak egy k\u00e9ts\u00e9gbeesett vacsora-megment\u0151, amikor a h\u0171t\u0151je gyakorlatilag egy must\u00e1rral teli tundra \u2013 a Lunter itt van, hogy egyszer\u0171v\u00e9, hozz\u00e1f\u00e9rhet\u0151v\u00e9 \u00e9s ami a legfontosabb, finomm\u00e1 tegye a dolgokat.<\/p>\n\n\n\n<p>Tiszta. \u0150szinte. Szeretettel k\u00e9sz\u00edtve.<\/p>\n","protected":false},"excerpt":{"rendered":"<p>A kiv\u00e1l\u00f3 tofuhoz nem kell doktori c\u00edm. Csak tiszta alapanyagok, egy k\u00f6r\u00fclbel\u00fcl 2000 \u00e9ve bev\u00e1lt m\u00f3dszer \u00e9s semmi furcsa adal\u00e9kanyag, amit sem \u00d6n, sem mi nem tudunk kiejteni. T\u00f6bb mint 30 \u00e9ve egyszer\u0171en fogjuk fel a dolgot: olyan tofut k\u00e9sz\u00edt\u00fcnk, amilyet szeret\u00fcnk \u2013 \u00edzletes, kiv\u00e1l\u00f3 min\u0151s\u00e9g\u0171 \u00e9s k\u00f6nnyen felhaszn\u00e1lhat\u00f3 b\u00e1rmilyen \u00e9telhez, b\u00e1rmikor, b\u00e1rmilyen m\u00f3don. Ak\u00e1r [&hellip;]<\/p>\n","protected":false},"author":1,"featured_media":0,"parent":0,"menu_order":0,"comment_status":"closed","ping_status":"closed","template":"templates\/template-about.php","meta":{"_acf_changed":false,"footnotes":""},"class_list":["post-4801","page","type-page","status-publish","hentry"],"acf":[],"_links":{"self":[{"href":"https:\/\/lunter.com\/hu\/wp-json\/wp\/v2\/pages\/4801","targetHints":{"allow":["GET"]}}],"collection":[{"href":"https:\/\/lunter.com\/hu\/wp-json\/wp\/v2\/pages"}],"about":[{"href":"https:\/\/lunter.com\/hu\/wp-json\/wp\/v2\/types\/page"}],"author":[{"embeddable":true,"href":"https:\/\/lunter.com\/hu\/wp-json\/wp\/v2\/users\/1"}],"replies":[{"embeddable":true,"href":"https:\/\/lunter.com\/hu\/wp-json\/wp\/v2\/comments?post=4801"}],"version-history":[{"count":1,"href":"https:\/\/lunter.com\/hu\/wp-json\/wp\/v2\/pages\/4801\/revisions"}],"predecessor-version":[{"id":4803,"href":"https:\/\/lunter.com\/hu\/wp-json\/wp\/v2\/pages\/4801\/revisions\/4803"}],"wp:attachment":[{"href":"https:\/\/lunter.com\/hu\/wp-json\/wp\/v2\/media?parent=4801"}],"curies":[{"name":"wp","href":"https:\/\/api.w.org\/{rel}","templated":true}]}}