{"id":5437,"date":"2025-05-14T11:23:26","date_gmt":"2025-05-14T09:23:26","guid":{"rendered":"https:\/\/lunter.com\/products\/lunter-smoky-bbq-tofu\/"},"modified":"2026-03-30T10:33:30","modified_gmt":"2026-03-30T08:33:30","slug":"lunter-smoky-bbq-tofu","status":"publish","type":"product","link":"https:\/\/lunter.com\/de\/produkte\/lunter-smoky-bbq-tofu\/","title":{"rendered":"Marinierter Tofu BBQ-Style"},"content":{"rendered":"\n<p>Du liebst BBQ-Geschmack? Dann ist das hier dein neuer Liebling. Bereits in einer w\u00fcrzigen Marinade eingelegt, ist er bereit f\u00fcr Pfanne, den Air Fryer oder Grill. Ger\u00e4uchert auf echtem Buchenholz, verfeinert mit Tomaten, Paprika und einem Hauch Chili. In nur 5 Minuten fertig. Hergestellt aus europ\u00e4ischen Sojabohnen, ohne Gentechnik, ohne Konservierungsstoffe. Der Star f\u00fcr deinen Grillabend, aber ehrlich gesagt auch f\u00fcr jeden anderen Tag.<\/p>\n\n\n\n<p><\/p>\n","protected":false},"featured_media":5617,"menu_order":3,"template":"","product_type":[370,372],"class_list":["post-5437","product","type-product","status-publish","has-post-thumbnail","hentry","product_type-marinated-tofu","product_type-tofu-de"],"acf":{"product_show_in_compact":"1","product_tagline":"W\u00fcrzig mariniert. Wie vom Grill","products_weight":"180 g","product_ornament_type":"splash","product_ornament_color":"#b07b67","benefit_icons":["number-protein","non-gmo-soybeans","source-of-calcium"],"protein_amount":"25","product_details":{"ingredients":"88% ger\u00e4ucherter Tofu (57% Sojabohnen, Wasser, Salz, Calcium), 12% Marinade (Wasser, Zucker, Tomatenmark, Apfelessig, Sojabohnen, fermentierter Weizen - glutenfrei, Raps\u00f6l, G\u00e4rungsessig, Salz, 3% Senf, Zwiebel, Pfeffer, Maisst\u00e4rke, Knoblauch, karamellisierter Zucker, Tomatensaft aus Konzentrat, Apfelsaft aus Konzentrat, Gew\u00fcrze, nat\u00fcrliches Aroma, Chili)","packaging_image":5411,"nutritional_values":"<table class=\"nutritional-table\">\r\n<tbody>\r\n<tr>\r\n<th colspan=\"2\">N\u00e4hrwerte pro 100 g<\/th>\r\n<\/tr>\r\n<tr>\r\n<td>Energie<\/td>\r\n<td>580 kJ\/139 kcal<\/td>\r\n<\/tr>\r\n<tr>\r\n<td>Fett<\/td>\r\n<td>8,1 g<\/td>\r\n<\/tr>\r\n<tr>\r\n<td>- davon ges\u00e4ttigte Fetts\u00e4uren<\/td>\r\n<td>1,6 g<\/td>\r\n<\/tr>\r\n<tr>\r\n<td>Kohlenhydrate<\/td>\r\n<td>2,0 g<\/td>\r\n<\/tr>\r\n<tr>\r\n<td>- davon Zucker<\/td>\r\n<td>1,4 g<\/td>\r\n<\/tr>\r\n<tr>\r\n<td>Ballaststoffe<\/td>\r\n<td>1,6 g<\/td>\r\n<\/tr>\r\n<tr>\r\n<td>Eiwei\u00df<\/td>\r\n<td>14 g<\/td>\r\n<\/tr>\r\n<tr>\r\n<td>Salz<\/td>\r\n<td>1,0 g<\/td>\r\n<\/tr>\r\n<tr>\r\n<td>Calcium<\/td>\r\n<td>210 mg**<\/td>\r\n<\/tr>\r\n<\/tbody>\r\n<\/table>\r\n<p class=\"note\">**26% NRV (NRV = N\u00e4hrstoffreferenzwerte)<\/p>"},"product_benefits":{"benefit_image":5489,"benefit_1":"W\u00fcrzig mariniert","benefit_2":"Ohne unn\u00f6tige Zus\u00e4tze","benefit_3":"Vielseitig f\u00fcr jeden Tag","benefit_4":"Gemacht f\u00fcr Hitze"}},"_links":{"self":[{"href":"https:\/\/lunter.com\/de\/wp-json\/wp\/v2\/product\/5437","targetHints":{"allow":["GET"]}}],"collection":[{"href":"https:\/\/lunter.com\/de\/wp-json\/wp\/v2\/product"}],"about":[{"href":"https:\/\/lunter.com\/de\/wp-json\/wp\/v2\/types\/product"}],"wp:featuredmedia":[{"embeddable":true,"href":"https:\/\/lunter.com\/de\/wp-json\/wp\/v2\/media\/5617"}],"wp:attachment":[{"href":"https:\/\/lunter.com\/de\/wp-json\/wp\/v2\/media?parent=5437"}],"wp:term":[{"taxonomy":"product_type","embeddable":true,"href":"https:\/\/lunter.com\/de\/wp-json\/wp\/v2\/product_type?post=5437"}],"curies":[{"name":"wp","href":"https:\/\/api.w.org\/{rel}","templated":true}]}}