{"id":5422,"date":"2025-04-11T15:46:52","date_gmt":"2025-04-11T13:46:52","guid":{"rendered":"https:\/\/lunter.com\/products\/smoked-creamy-spread-140\/"},"modified":"2026-03-28T19:04:57","modified_gmt":"2026-03-28T18:04:57","slug":"smoked-creamy-spread-140","status":"publish","type":"product","link":"https:\/\/lunter.com\/de\/produkte\/smoked-creamy-spread-140\/","title":{"rendered":"Tofu-Aufstrich Ger\u00e4uchert Cremig"},"content":{"rendered":"<p>Rauchig, cremig, streichzart \u2013 und vielseitiger als du denkst. Morgens aufs Fr\u00fchst\u00fccksbrot, mittags als Dip zu Gem\u00fcse, abends als Basis f\u00fcr cremige Pasta oder herzhafte Gerichte. Und wer einmal auf die Idee kommt, ihn als Dip zu Bratkartoffeln zu probieren, wird ihn nie wieder weglassen. Was dahintersteckt: echter R\u00e4uchertofu und ger\u00e4uchertes Paprikapulver. Hergestellt aus europ\u00e4ischen Sojabohnen und frei von Konservierungsstoffen.<\/p>\n","protected":false},"featured_media":5453,"menu_order":4,"template":"","product_type":[371],"class_list":["post-5422","product","type-product","status-publish","has-post-thumbnail","hentry","product_type-premium"],"acf":{"product_show_in_compact":"1","product_tagline":"Streichen, dippen, lieben","products_weight":"140g","product_ornament_type":"brush_thin","product_ornament_color":"#E0B4C1","benefit_icons":["source-of-omega-3","lactose-free","gluten-free"],"protein_amount":"","product_details":{"ingredients":"Sojagetr\u00e4nk (Wasser, Sojabohnen), Raps\u00f6l, 17% ger\u00e4ucherter Tofu (Sojabohnen, Wasser, Salz), Wasser, St\u00e4rke, Hefe, Worcesterso\u00dfe (Wasser, Sojabohnen, fermentierter Weizen - glutenfrei, Essig, Zucker, Tomatensaft aus Konzentrat, Salz, Apfelsaft aus Konzentrat, nat\u00fcrliches Aroma), Salz, Knoblauch, S\u00e4ure: Zitronens\u00e4ure, R\u00e4ucherpaprika. Kann Senf enthalten.","packaging_image":1094,"nutritional_values":"<table class=\"nutritional-table\">\r\n<tbody>\r\n<tr>\r\n<th colspan=\"2\">N\u00e4hrwerte pro 100 g<\/th>\r\n<\/tr>\r\n<tr>\r\n<td>Energie<\/td>\r\n<td>1431 kJ\/347 kcal<\/td>\r\n<\/tr>\r\n<tr>\r\n<td>Fett<\/td>\r\n<td>35 g<\/td>\r\n<\/tr>\r\n<tr>\r\n<td>- davon ges\u00e4ttigte Fetts\u00e4uren<\/td>\r\n<td>2,5 g<\/td>\r\n<\/tr>\r\n<tr>\r\n<td>Kohlenhydrate<\/td>\r\n<td>1,2 g<\/td>\r\n<\/tr>\r\n<tr>\r\n<td>- davon Zucker<\/td>\r\n<td>0,5 g<\/td>\r\n<\/tr>\r\n<tr>\r\n<td>Ballaststoffe<\/td>\r\n<td>2,0 g<\/td>\r\n<\/tr>\r\n<tr>\r\n<td>Eiwei\u00df<\/td>\r\n<td>5,0 g<\/td>\r\n<\/tr>\r\n<tr>\r\n<td>Salz<\/td>\r\n<td>0,91 g<\/td>\r\n<\/tr>\r\n<\/tbody>\r\n<\/table>"},"product_benefits":{"benefit_image":3573,"benefit_1":"Traditionell hergestellt","benefit_2":"Streichzart & cremig","benefit_3":"Vielseitig einsetzbar","benefit_4":"Ohne unn\u00f6tige Zus\u00e4tze"}},"_links":{"self":[{"href":"https:\/\/lunter.com\/de\/wp-json\/wp\/v2\/product\/5422","targetHints":{"allow":["GET"]}}],"collection":[{"href":"https:\/\/lunter.com\/de\/wp-json\/wp\/v2\/product"}],"about":[{"href":"https:\/\/lunter.com\/de\/wp-json\/wp\/v2\/types\/product"}],"wp:featuredmedia":[{"embeddable":true,"href":"https:\/\/lunter.com\/de\/wp-json\/wp\/v2\/media\/5453"}],"wp:attachment":[{"href":"https:\/\/lunter.com\/de\/wp-json\/wp\/v2\/media?parent=5422"}],"wp:term":[{"taxonomy":"product_type","embeddable":true,"href":"https:\/\/lunter.com\/de\/wp-json\/wp\/v2\/product_type?post=5422"}],"curies":[{"name":"wp","href":"https:\/\/api.w.org\/{rel}","templated":true}]}}