{"id":5416,"date":"2026-04-01T00:00:00","date_gmt":"2026-03-31T22:00:00","guid":{"rendered":"https:\/\/lunter.com\/products\/tofu-marinated-sweet-chilli-180\/"},"modified":"2026-03-30T10:34:02","modified_gmt":"2026-03-30T08:34:02","slug":"tofu-marinated-sweet-chilli-180","status":"publish","type":"product","link":"https:\/\/lunter.com\/de\/produkte\/tofu-marinated-sweet-chilli-180\/","title":{"rendered":"Marinierter Tofu Thai-Style"},"content":{"rendered":"<p>Lust auf eine Asienreise ohne gro\u00dfen Aufwand? Unser marinierter Tofu Thai-Style bringt fern\u00f6stliche Aromen direkt in deine K\u00fcche. Bereits in einer s\u00fc\u00df-scharfen Marinade mit Ingwer, Chili und Knoblauch eingelegt \u2013 einfach kurz in der Pfanne anbraten und fertig. Oder f\u00fcr eine rauchige Note auf den Grill werfen. Passt perfekt zu Pad Thai, Wraps und Pfannengerichten. Hergestellt aus europ\u00e4ischen Sojabohnen, ohne Gentechnik, ohne Konservierungsstoffe.<\/p>\n","protected":false},"featured_media":5623,"template":"","product_type":[370],"class_list":["post-5416","product","type-product","status-publish","has-post-thumbnail","hentry","product_type-marinated-tofu"],"acf":{"product_show_in_compact":"1","product_tagline":"W\u00fcrzig-pikant, bereit zum Genie\u00dfen","products_weight":"180g","product_ornament_type":"splash","product_ornament_color":"#E77E53","benefit_icons":["number-protein","non-gmo-soybeans","source-of-calcium"],"protein_amount":"23","product_details":{"ingredients":"88% Tofu (57% Sojabohnen, Wasser, Calcium), 12% Marinade [Wasser, Raps\u00f6l, Zucker, Salz, nat\u00fcrliche Aromen, Gew\u00fcrze (Ingwer, 1% Chili), getrocknetes Gem\u00fcse (Zwiebel, Knoblauch, Tomaten), Gew\u00fcrzextrakte, Maisst\u00e4rke]","packaging_image":5419,"nutritional_values":"<table class=\"nutritional-table\">\r\n<tbody>\r\n<tr>\r\n<th colspan=\"2\">N\u00e4hrwerte pro 100 g<\/th>\r\n<\/tr>\r\n<tr>\r\n<td>Energie<\/td>\r\n<td>620 kJ\/149 kcal<\/td>\r\n<\/tr>\r\n<tr>\r\n<td>Fett<\/td>\r\n<td>8,5 g<\/td>\r\n<\/tr>\r\n<tr>\r\n<td>- davon ges\u00e4ttigte Fetts\u00e4uren<\/td>\r\n<td>1,0 g<\/td>\r\n<\/tr>\r\n<tr>\r\n<td>Kohlenhydrate<\/td>\r\n<td>4,0 g<\/td>\r\n<\/tr>\r\n<tr>\r\n<td>- davon Zucker<\/td>\r\n<td>2,0 g<\/td>\r\n<\/tr>\r\n<tr>\r\n<td>Ballaststoffe<\/td>\r\n<td>2,0 g<\/td>\r\n<\/tr>\r\n<tr>\r\n<td>Eiwei\u00df<\/td>\r\n<td>13 g<\/td>\r\n<\/tr>\r\n<tr>\r\n<td>Salz<\/td>\r\n<td>1,5 g<\/td>\r\n<\/tr>\r\n<tr>\r\n<td>Calcium<\/td>\r\n<td>210 mg**<\/td>\r\n<\/tr>\r\n<\/tbody>\r\n<\/table>\r\n<p class=\"note\">**26% NRV (NRV = N\u00e4hrstoffreferenzwerte)<\/p>"},"product_benefits":{"benefit_image":5420,"benefit_1":"W\u00fcrzig mariniert","benefit_2":"Ohne unn\u00f6tige Zus\u00e4tze","benefit_3":"Vielseitig f\u00fcr jeden Tag","benefit_4":"Gemacht f\u00fcr Hitze"}},"_links":{"self":[{"href":"https:\/\/lunter.com\/de\/wp-json\/wp\/v2\/product\/5416","targetHints":{"allow":["GET"]}}],"collection":[{"href":"https:\/\/lunter.com\/de\/wp-json\/wp\/v2\/product"}],"about":[{"href":"https:\/\/lunter.com\/de\/wp-json\/wp\/v2\/types\/product"}],"wp:featuredmedia":[{"embeddable":true,"href":"https:\/\/lunter.com\/de\/wp-json\/wp\/v2\/media\/5623"}],"wp:attachment":[{"href":"https:\/\/lunter.com\/de\/wp-json\/wp\/v2\/media?parent=5416"}],"wp:term":[{"taxonomy":"product_type","embeddable":true,"href":"https:\/\/lunter.com\/de\/wp-json\/wp\/v2\/product_type?post=5416"}],"curies":[{"name":"wp","href":"https:\/\/api.w.org\/{rel}","templated":true}]}}