{"id":5408,"date":"2025-04-11T15:46:46","date_gmt":"2025-04-11T13:46:46","guid":{"rendered":"https:\/\/lunter.com\/products\/tofu-smoked-180\/"},"modified":"2026-03-28T19:03:51","modified_gmt":"2026-03-28T18:03:51","slug":"tofu-smoked-180","status":"publish","type":"product","link":"https:\/\/lunter.com\/de\/produkte\/tofu-smoked-180\/","title":{"rendered":"Tofu Mild Ger\u00e4uchert"},"content":{"rendered":"<p>Lust auf rauchigen Geschmack, ganz ohne Schnickschnack? Unser Tofu Mild Ger\u00e4uchert wird traditionell \u00fcber Buchenholz ger\u00e4uchert. Ohne unn\u00f6tige Zus\u00e4tze. Nur guter Tofu, wie er sein soll: reich an Protein, pflanzlich und besonders lecker. Schneide ihn in dein Lieblingssandwich f\u00fcr eine feine Rauchnote, br\u00f6sele ihn in ein Chili sin Carne, oder gib ihn in ein w\u00fcrziges Curry \u2013 unser Tofu Mild Ger\u00e4uchert wird dein neuer K\u00fcchenfavorit.<\/p>\n","protected":false},"featured_media":5447,"template":"","product_type":[369],"class_list":["post-5408","product","type-product","status-publish","has-post-thumbnail","hentry","product_type-traditional"],"acf":{"product_show_in_compact":"1","product_tagline":"Sanftes Raucharoma, saftiger Biss","products_weight":"160g \/ 180g","product_ornament_type":"cube","product_ornament_color":"#B07B67","benefit_icons":["number-protein","non-gmo-soybeans","source-of-calcium"],"protein_amount":"27","product_details":{"ingredients":"57% Sojabohnen, Wasser, Salz, Calcium; Buchenholzrauch","packaging_image":5411,"nutritional_values":"<table class=\"nutritional-table\">\r\n<tbody>\r\n<tr>\r\n<th colspan=\"2\">N\u00e4hrwerte pro 100 g<\/th>\r\n<\/tr>\r\n<tr>\r\n<td>Energie<\/td>\r\n<td>610 kJ\/146 kcal<\/td>\r\n<\/tr>\r\n<tr>\r\n<td>Fett<\/td>\r\n<td>8,5 g<\/td>\r\n<\/tr>\r\n<tr>\r\n<td>- davon ges\u00e4ttigte Fetts\u00e4uren<\/td>\r\n<td>1,3 g<\/td>\r\n<\/tr>\r\n<tr>\r\n<td>Kohlenhydrate<\/td>\r\n<td>1,9 g<\/td>\r\n<\/tr>\r\n<tr>\r\n<td>- davon Zucker<\/td>\r\n<td>0,5 g<\/td>\r\n<\/tr>\r\n<tr>\r\n<td>Ballaststoffe<\/td>\r\n<td>1,0 g<\/td>\r\n<\/tr>\r\n<tr>\r\n<td>Eiwei\u00df<\/td>\r\n<td>15 g<\/td>\r\n<\/tr>\r\n<tr>\r\n<td>Salz<\/td>\r\n<td>0,90 g<\/td>\r\n<\/tr>\r\n<tr>\r\n<td>Calcium<\/td>\r\n<td>220 mg**<\/td>\r\n<\/tr>\r\n<\/tbody>\r\n<\/table>\r\n<p class=\"note\">**28% NRV (NRV = N\u00e4hrstoffreferenzwerte)<\/p>"},"product_benefits":{"benefit_image":5489,"benefit_1":"Traditionell hergestellt","benefit_2":"Leicht zu genie\u00dfen","benefit_3":"Vielseitig f\u00fcr jeden Tag","benefit_4":"Ohne unn\u00f6tige Zus\u00e4tze"}},"_links":{"self":[{"href":"https:\/\/lunter.com\/de\/wp-json\/wp\/v2\/product\/5408","targetHints":{"allow":["GET"]}}],"collection":[{"href":"https:\/\/lunter.com\/de\/wp-json\/wp\/v2\/product"}],"about":[{"href":"https:\/\/lunter.com\/de\/wp-json\/wp\/v2\/types\/product"}],"wp:featuredmedia":[{"embeddable":true,"href":"https:\/\/lunter.com\/de\/wp-json\/wp\/v2\/media\/5447"}],"wp:attachment":[{"href":"https:\/\/lunter.com\/de\/wp-json\/wp\/v2\/media?parent=5408"}],"wp:term":[{"taxonomy":"product_type","embeddable":true,"href":"https:\/\/lunter.com\/de\/wp-json\/wp\/v2\/product_type?post=5408"}],"curies":[{"name":"wp","href":"https:\/\/api.w.org\/{rel}","templated":true}]}}