{"id":5942,"date":"2025-04-11T08:49:39","date_gmt":"2025-04-11T06:49:39","guid":{"rendered":"https:\/\/lunter.com\/cookie-richtlinie\/"},"modified":"2025-04-11T08:49:39","modified_gmt":"2025-04-11T06:49:39","slug":"cookie-richtlinie","status":"publish","type":"page","link":"https:\/\/lunter.com\/de\/cookie-richtlinie\/","title":{"rendered":"Cookie-Richtlinie"},"content":{"rendered":"<div class=\"cli_pg_page_contaner\">\n<h3>\u00dcber diese Cookie-Richtlinie.<\/h3>\n<div>Diese Cookie-Richtlinie erkl\u00e4rt, was Cookies sind und wie wir sie verwenden. Sie sollten diese Richtlinie lesen, um zu verstehen, was Cookies sind, wie wir sie verwenden, welche Arten von Cookies wir verwenden, d.h. welche Informationen wir mit Hilfe von Cookies sammeln und wie diese Informationen verwendet werden und wie Sie die Cookie-Einstellungen steuern k\u00f6nnen. Weitere Informationen dar\u00fcber, wie wir Ihre pers\u00f6nlichen Daten verwenden, speichern und sicher aufbewahren, finden Sie in unserer Datenschutzrichtlinie.<br \/>\nErfahren Sie in unserer Datenschutzrichtlinie mehr dar\u00fcber, wer wir sind, wie Sie uns kontaktieren k\u00f6nnen und wie wir pers\u00f6nliche Daten verarbeiten.<br \/>\nIhre Zustimmung gilt f\u00fcr folgende Domains: lunter.com<br \/>\n<div class=\"wt-cli-element cli_user_consent_state\"><\/div><\/p>\n<\/div>\n<h3>Was sind Cookies?<\/h3>\n<div>Cookies sind kleine Textdateien, die dazu dienen, kleine Informationen zu speichern. Die Cookies werden auf Ihrem Ger\u00e4t gespeichert, wenn die Website in Ihrem Browser geladen wird. Diese Cookies helfen uns, die Website ordnungsgem\u00e4\u00df funktionieren zu lassen, die Website sicherer zu machen, eine bessere Benutzererfahrung zu bieten und zu verstehen, wie die Website funktioniert und zu analysieren, was funktioniert und wo sie verbessert werden muss.  <\/div>\n<h3>Wie verwenden wir Cookies?<\/h3>\n<div>Wie die meisten Online-Dienste verwendet auch unsere Website Cookies von Erstanbietern und Drittanbietern f\u00fcr eine Reihe von Zwecken. Die Cookies von Drittanbietern, die auf unseren Websites verwendet werden, dienen haupts\u00e4chlich dazu, zu verstehen, wie die Website funktioniert, wie Sie mit unserer Website interagieren, unsere Dienste sicher zu halten, Ihnen f\u00fcr Sie relevante Werbung anzubieten und Ihnen insgesamt eine bessere und verbesserte Benutzererfahrung zu bieten und Ihre zuk\u00fcnftigen Interaktionen mit unserer Website zu beschleunigen. <\/p>\n<\/div>\n<h3>Welche Arten von Cookies verwenden wir?<\/h3>\n<div>Die Cookies, die auf unserer Website verwendet werden, sind in die folgenden Kategorien eingeteilt.<br \/>\n<div class=\"wt-cli-element cli_cookie_category_single\"><div class=\"cli_cookie_category_single\"><h5 class=\"cli_cookie_category_single_hd\">Notwendig<\/h5><div class=\"cli_cookie_category_single_description\"><p>Notwendige Cookies sind f\u00fcr das ordnungsgem\u00e4\u00dfe Funktionieren der Website unbedingt erforderlich. Diese Cookies gew\u00e4hrleisten grundlegende Funktionen und Sicherheitsmerkmale der Website, anonym.\r\n<\/p><\/div><\/div><div class=\"cli_cookie_category_single\"><h5 class=\"cli_cookie_category_single_hd\">Funktional<\/h5><div class=\"cli_cookie_category_single_description\"><p>Funktionale Cookies helfen dabei, bestimmte Funktionen bereitzustellen, wie z. B. das Teilen von Inhalten der Website auf Social-Media-Plattformen, das Sammeln von Feedback sowie andere Funktionen von Drittanbietern.\r\n<\/p><\/div><\/div><div class=\"cli_cookie_category_single\"><h5 class=\"cli_cookie_category_single_hd\">Performance<\/h5><div class=\"cli_cookie_category_single_description\"><p>Performance-Cookies werden verwendet, um die wichtigsten Leistungskennzahlen der Website zu verstehen und zu analysieren. Dies hilft dabei, den Besuchern eine bessere Benutzererfahrung zu bieten.\r\n<\/p><\/div><\/div><div class=\"cli_cookie_category_single\"><h5 class=\"cli_cookie_category_single_hd\">Analyse<\/h5><div class=\"cli_cookie_category_single_description\"><p>Analyse-Cookies werden verwendet, um zu verstehen, wie Besucher mit der Website interagieren. Diese Cookies helfen dabei, Informationen \u00fcber Kennzahlen wie die Anzahl der Besucher, die Absprungrate, die Herkunft des Traffics usw. bereitzustellen.\r\n<\/p><\/div><\/div><div class=\"cli_cookie_category_single\"><h5 class=\"cli_cookie_category_single_hd\">Werbung<\/h5><div class=\"cli_cookie_category_single_description\"><p>Werbe-Cookies werden verwendet, um Besuchern relevante Anzeigen und Marketingkampagnen bereitzustellen. Diese Cookies verfolgen Besucher \u00fcber verschiedene Websites hinweg und sammeln Informationen, um personalisierte Werbung anzuzeigen.\r\n<\/p><\/div><\/div><div class=\"cli_cookie_category_single\"><h5 class=\"cli_cookie_category_single_hd\">Sonstige<\/h5><div class=\"cli_cookie_category_single_description\"><p>Sonstige, nicht kategorisierte Cookies sind solche, die derzeit analysiert werden und noch keiner Kategorie zugeordnet wurden.\r\n<\/p><\/div><\/div><\/div><br \/>\nDie folgende Liste enth\u00e4lt die auf unserer Website verwendeten Cookies.<br \/>\n<table class=\"wt-cli-element cookielawinfo-classic cookielawinfo-row-cat-table\"><thead><tr><th scope=\"col\" class=\"cookielawinfo-column-1\">Cookie<\/th><th scope=\"col\" class=\"cookielawinfo-column-4\">Beschreibung<\/th><\/thead><tbody><\/tbody><\/table><\/div>\n<h3>Wie kann ich die Cookie-Einstellungen kontrollieren?<\/h3>\n<div>Sie k\u00f6nnen Ihre Cookie-Pr\u00e4ferenzen verwalten, indem Sie auf die Schaltfl\u00e4che &#8222;Einstellungen&#8220; klicken und die Cookie-Kategorien auf dem Popup entsprechend Ihren Pr\u00e4ferenzen aktivieren oder deaktivieren. Dadurch wird der Hinweis auf die Einwilligung erneut angezeigt, so dass Sie Ihre Einstellungen \u00e4ndern oder Ihre Einwilligung vollst\u00e4ndig widerrufen k\u00f6nnen. <\/p>\n<p>Dar\u00fcber hinaus bieten die verschiedenen Browser unterschiedliche Methoden zum Blockieren und L\u00f6schen von Cookies, die von Websites verwendet werden. Sie k\u00f6nnen die Einstellungen Ihres Browsers \u00e4ndern, um die Cookies zu blockieren\/l\u00f6schen. Um mehr dar\u00fcber zu erfahren, wie Sie Cookies verwalten und l\u00f6schen k\u00f6nnen, besuchen Sie wikipedia.org, www.allaboutcookies.org.  <\/p>\n<\/div>\n<p class=\"wt-cli-element\" style=\"color:#333; clear:both; font-style:italic; font-size:12px; margin-top:15px;\">Powered By <a href=\"https:\/\/www.webtoffee.com\/\" style=\"color:#333; font-weight:600; font-size:12px;\" rel=\"nofollow noopener\" target=\"_blank\">WebToffee<\/a><\/p>\n<\/div>\n","protected":false},"excerpt":{"rendered":"<p>\u00dcber diese Cookie-Richtlinie. Diese Cookie-Richtlinie erkl\u00e4rt, was Cookies sind und wie wir sie verwenden. Sie sollten diese Richtlinie lesen, um zu verstehen, was Cookies sind, wie wir sie verwenden, welche Arten von Cookies wir verwenden, d.h. welche Informationen wir mit Hilfe von Cookies sammeln und wie diese Informationen verwendet werden und wie Sie die Cookie-Einstellungen [&hellip;]<\/p>\n","protected":false},"author":7,"featured_media":0,"parent":0,"menu_order":0,"comment_status":"closed","ping_status":"closed","template":"","meta":{"_acf_changed":false,"footnotes":""},"class_list":["post-5942","page","type-page","status-publish","hentry"],"acf":[],"_links":{"self":[{"href":"https:\/\/lunter.com\/de\/wp-json\/wp\/v2\/pages\/5942","targetHints":{"allow":["GET"]}}],"collection":[{"href":"https:\/\/lunter.com\/de\/wp-json\/wp\/v2\/pages"}],"about":[{"href":"https:\/\/lunter.com\/de\/wp-json\/wp\/v2\/types\/page"}],"author":[{"embeddable":true,"href":"https:\/\/lunter.com\/de\/wp-json\/wp\/v2\/users\/7"}],"replies":[{"embeddable":true,"href":"https:\/\/lunter.com\/de\/wp-json\/wp\/v2\/comments?post=5942"}],"version-history":[{"count":0,"href":"https:\/\/lunter.com\/de\/wp-json\/wp\/v2\/pages\/5942\/revisions"}],"wp:attachment":[{"href":"https:\/\/lunter.com\/de\/wp-json\/wp\/v2\/media?parent=5942"}],"curies":[{"name":"wp","href":"https:\/\/api.w.org\/{rel}","templated":true}]}}