{"id":5863,"date":"2026-04-23T12:08:16","date_gmt":"2026-04-23T10:08:16","guid":{"rendered":"https:\/\/lunter.com\/impressum\/"},"modified":"2026-04-24T15:10:30","modified_gmt":"2026-04-24T13:10:30","slug":"impressum","status":"publish","type":"page","link":"https:\/\/lunter.com\/de\/impressum\/","title":{"rendered":"Impressum"},"content":{"rendered":"\n<p>Informationen und Offenlegung gem\u00e4\u00df \u00a7 5 Digitale-Dienste-Gesetz (DDG)<\/p>\n\n\n\n<h2 class=\"wp-block-heading\">Webseiten-Betreiber<\/h2>\n\n\n\n<p><strong>The New Originals Company GmbH<\/strong><\/p>\n\n\n\n<ul class=\"wp-block-list\">\n<li>Firmenbuchnummer: <strong>FN 597160 b<\/strong><\/li>\n\n\n\n<li>Firmenbuchgericht: <strong>Commercial Court of Vienna<\/strong><\/li>\n\n\n\n<li>Anschrift: <strong>Heinrichsgasse 4\/4, 1010 Vienna, Austria<\/strong><\/li>\n\n\n\n<li>Umsatzsteuer-Identifikationsnummer (UID): <strong>UID ATU80415935<\/strong><\/li>\n\n\n\n<li>Gesch\u00e4ftsf\u00fchrung: <strong>Matthias Kr\u00f6n<\/strong><\/li>\n<\/ul>\n\n\n\n<h2 class=\"wp-block-heading\">Online-Streitbeilegung<\/h2>\n\n\n\n<p>Bitte beachte, dass wir derzeit nicht an Streitbeilegungsverfahren vor einer Verbraucherschlichtungsstelle teilnehmen.<\/p>\n\n\n\n<h2 class=\"wp-block-heading\">Kontakt<\/h2>\n\n\n\n<p>E-Mail: <a href=\"mailto:info@neworiginals.company\">info@neworiginals.company<\/a><\/p>\n\n\n\n<h2 class=\"wp-block-heading\">Urheberrecht<\/h2>\n\n\n\n<p>Die Inhalte dieser Website sind urheberrechtlich gesch\u00fctzt und k\u00f6nnen zus\u00e4tzlich durch andere Schutzrechte (z. B. Markenrechte) gesch\u00fctzt sein. Jede \u00fcber die gesetzlich erlaubten Nutzungen hinausgehende Verwertung, insbesondere Vervielf\u00e4ltigung oder Verbreitung, bedarf der vorherigen schriftlichen Zustimmung des Webseiten-Betreibers.<\/p>\n\n\n\n<h2 class=\"wp-block-heading\">Haftungsausschluss<\/h2>\n\n\n\n<p>Trotz sorgf\u00e4ltiger inhaltlicher Kontrolle \u00fcbernimmt der Webseiten-Betreiber keine Haftung f\u00fcr die Inhalte externer Links. F\u00fcr den Inhalt der verlinkten Seiten sind ausschlie\u00dflich deren Betreiber verantwortlich. Sollten Sie auf rechtswidrige Inhalte auf verlinkten Seiten aufmerksam werden, ersuchen wir um Mitteilung.<\/p>\n\n\n\n<p>Der Webseiten-Betreiber ist stets bem\u00fcht, die Urheberrechte Dritter zu beachten. Sollten Sie dennoch auf eine Urheberrechtsverletzung aufmerksam werden, bitten wir um entsprechenden Hinweis. Bei Bekanntwerden entsprechender Rechtsverletzungen werden wir die betreffenden Inhalte unverz\u00fcglich entfernen.<\/p>\n","protected":false},"excerpt":{"rendered":"<p>Informationen und Offenlegung gem\u00e4\u00df \u00a7 5 Digitale-Dienste-Gesetz (DDG) Webseiten-Betreiber The New Originals Company GmbH Online-Streitbeilegung Bitte beachte, dass wir derzeit nicht an Streitbeilegungsverfahren vor einer Verbraucherschlichtungsstelle teilnehmen. Kontakt E-Mail: info@neworiginals.company Urheberrecht Die Inhalte dieser Website sind urheberrechtlich gesch\u00fctzt und k\u00f6nnen zus\u00e4tzlich durch andere Schutzrechte (z. B. Markenrechte) gesch\u00fctzt sein. Jede \u00fcber die gesetzlich erlaubten Nutzungen [&hellip;]<\/p>\n","protected":false},"author":1,"featured_media":0,"parent":0,"menu_order":0,"comment_status":"closed","ping_status":"closed","template":"templates\/template-imprint.php","meta":{"_acf_changed":false,"footnotes":""},"class_list":["post-5863","page","type-page","status-publish","hentry"],"acf":[],"_links":{"self":[{"href":"https:\/\/lunter.com\/de\/wp-json\/wp\/v2\/pages\/5863","targetHints":{"allow":["GET"]}}],"collection":[{"href":"https:\/\/lunter.com\/de\/wp-json\/wp\/v2\/pages"}],"about":[{"href":"https:\/\/lunter.com\/de\/wp-json\/wp\/v2\/types\/page"}],"author":[{"embeddable":true,"href":"https:\/\/lunter.com\/de\/wp-json\/wp\/v2\/users\/1"}],"replies":[{"embeddable":true,"href":"https:\/\/lunter.com\/de\/wp-json\/wp\/v2\/comments?post=5863"}],"version-history":[{"count":3,"href":"https:\/\/lunter.com\/de\/wp-json\/wp\/v2\/pages\/5863\/revisions"}],"predecessor-version":[{"id":5882,"href":"https:\/\/lunter.com\/de\/wp-json\/wp\/v2\/pages\/5863\/revisions\/5882"}],"wp:attachment":[{"href":"https:\/\/lunter.com\/de\/wp-json\/wp\/v2\/media?parent=5863"}],"curies":[{"name":"wp","href":"https:\/\/api.w.org\/{rel}","templated":true}]}}