{"id":4805,"date":"2025-04-07T20:10:03","date_gmt":"2025-04-07T18:10:03","guid":{"rendered":"https:\/\/lunter.com\/about-us\/"},"modified":"2026-04-22T20:55:42","modified_gmt":"2026-04-22T18:55:42","slug":"ueber-uns","status":"publish","type":"page","link":"https:\/\/lunter.com\/de\/ueber-uns\/","title":{"rendered":"\u00dcBER UNS"},"content":{"rendered":"\n<p>Guter Tofu ist keine Wissenschaft. Alles, was es braucht, sind gute Zutaten und ein Rezept, das sich seit Jahrhunderten bew\u00e4hrt hat. Ohne Zus\u00e4tze, die weder du noch wir aussprechen k\u00f6nnen. Seit \u00fcber 30 Jahren machen wir einfach guten Tofu. Lecker, hochwertig und in jeder K\u00fcche zu Hause. F\u00fcr jedes Gericht und jeden Geschmack.<\/p>\n","protected":false},"excerpt":{"rendered":"<p>Guter Tofu ist keine Wissenschaft. Alles, was es braucht, sind gute Zutaten und ein Rezept, das sich seit Jahrhunderten bew\u00e4hrt hat. Ohne Zus\u00e4tze, die weder du noch wir aussprechen k\u00f6nnen. Seit \u00fcber 30 Jahren machen wir einfach guten Tofu. Lecker, hochwertig und in jeder K\u00fcche zu Hause. F\u00fcr jedes Gericht und jeden Geschmack.<\/p>\n","protected":false},"author":1,"featured_media":0,"parent":0,"menu_order":0,"comment_status":"closed","ping_status":"closed","template":"templates\/template-about.php","meta":{"_acf_changed":false,"footnotes":""},"class_list":["post-4805","page","type-page","status-publish","hentry"],"acf":[],"_links":{"self":[{"href":"https:\/\/lunter.com\/de\/wp-json\/wp\/v2\/pages\/4805","targetHints":{"allow":["GET"]}}],"collection":[{"href":"https:\/\/lunter.com\/de\/wp-json\/wp\/v2\/pages"}],"about":[{"href":"https:\/\/lunter.com\/de\/wp-json\/wp\/v2\/types\/page"}],"author":[{"embeddable":true,"href":"https:\/\/lunter.com\/de\/wp-json\/wp\/v2\/users\/1"}],"replies":[{"embeddable":true,"href":"https:\/\/lunter.com\/de\/wp-json\/wp\/v2\/comments?post=4805"}],"version-history":[{"count":8,"href":"https:\/\/lunter.com\/de\/wp-json\/wp\/v2\/pages\/4805\/revisions"}],"predecessor-version":[{"id":5837,"href":"https:\/\/lunter.com\/de\/wp-json\/wp\/v2\/pages\/4805\/revisions\/5837"}],"wp:attachment":[{"href":"https:\/\/lunter.com\/de\/wp-json\/wp\/v2\/media?parent=4805"}],"curies":[{"name":"wp","href":"https:\/\/api.w.org\/{rel}","templated":true}]}}