{"id":5362,"date":"2026-04-01T00:00:00","date_gmt":"2026-03-31T22:00:00","guid":{"rendered":"https:\/\/lunter.com\/?post_type=product&#038;p=5362"},"modified":"2026-03-11T17:59:33","modified_gmt":"2026-03-11T16:59:33","slug":"grill-salad-tofu-smoked-300","status":"publish","type":"product","link":"https:\/\/lunter.com\/cz\/produkty\/grill-salad-tofu-smoked-300\/","title":{"rendered":"LUNTER GRILL &amp; SALAD TOFU UZEN\u00c9"},"content":{"rendered":"\n<p>Tohle tofu nepot\u0159ebuje \u017e\u00e1dn\u00e9 om\u00e1\u010dky. Uzen\u00e1 chu\u0165, na kterou jakmile jednou s\u00e1hne\u0161, bude\u0161 na ni m\u00edt po\u0159\u00e1d chu\u0165. Lunter Salad Tofu Smoked je marinovan\u00e9 ve slan\u00e9m n\u00e1levu a p\u0159ipraven\u00e9 k p\u0159\u00edm\u00e9 konzumaci, tak\u017ee ho sta\u010d\u00ed nakr\u00e1jet do sal\u00e1tu, sendvi\u010de nebo wrapu, nebo si ho d\u00e1t jen tak jako rychl\u00fd snack. Po ope\u010den\u00ed nebo ogrilov\u00e1n\u00ed p\u0159ipom\u00edn\u00e1 svou \u201evrzaj\u00edc\u00ed\u201c strukturou obl\u00edben\u00fd s\u00fdr na gril. Chce\u0161 jemn\u011bj\u0161\u00ed chu\u0165? Na chv\u00edli ho namo\u010d do vody a hotovo.<\/p>\n","protected":false},"featured_media":5311,"menu_order":0,"template":"","product_type":[254],"class_list":["post-5362","product","type-product","status-publish","has-post-thumbnail","hentry","product_type-salad-tofu-cz"],"acf":{"product_show_in_compact":"1","product_tagline":"Lehkost v ka\u017ed\u00e9m soustu","products_weight":"300","product_ornament_type":"cube","product_ornament_color":"#31cfc8","benefit_icons":["number-protein","non-gmo-soybeans","source-of-calcium"],"protein_amount":"28","product_details":{"ingredients":"77 % tofu (85 % s\u00f3jov\u00e9 boby, voda, v\u00e1pn\u00edk), 23 % slan\u00fd n\u00e1lev (voda, s\u016fl), kou\u0159 z bukov\u00e9ho d\u0159eva.","packaging_image":5299,"nutritional_values":"<table class=\"nutritional-table\">\r\n<tbody>\r\n<tr>\r\n<th colspan=\"2\">V\u00fd\u017eivov\u00e9 \u00fadaje na 100 g<\/th>\r\n<\/tr>\r\n<tr>\r\n<td>Energie<\/td>\r\n<td>498 kJ\/120 kcal<\/td>\r\n<\/tr>\r\n<tr>\r\n<td>Tuky<\/td>\r\n<td>7,6 g<\/td>\r\n<\/tr>\r\n<tr>\r\n<td>- z toho nasycen\u00e9 mastn\u00e9 kyseliny<\/td>\r\n<td>1,1 g<\/td>\r\n<\/tr>\r\n<tr>\r\n<td>Sacharidy<\/td>\r\n<td>0,5 g<\/td>\r\n<\/tr>\r\n<tr>\r\n<td>- z toho cukry<\/td>\r\n<td>&lt;0,5 g<\/td>\r\n<\/tr>\r\n<tr>\r\n<td>B\u00edlkoviny<\/td>\r\n<td>12 g<\/td>\r\n<\/tr>\r\n<tr>\r\n<td>Vl\u00e1knina<\/td>\r\n<td>1,7 g<\/td>\r\n<\/tr>\r\n<tr>\r\n<td>S\u016fl<\/td>\r\n<td>2,0 g<\/td>\r\n<\/tr>\r\n<tr>\r\n<td>V\u00e1pn\u00edk<\/td>\r\n<td>221 mg**<\/td>\r\n<\/tr>\r\n<\/tbody>\r\n<\/table>\r\n<p class=\"note\">**28 % NRV (NRV = referen\u010dn\u00ed v\u00fd\u017eivov\u00e9 hodnoty)<\/p>"},"product_benefits":{"benefit_image":5305,"benefit_1":"Vyrobeno s l\u00e1skou","benefit_2":"Ope\u010dte je nebo p\u0159idejte do sal\u00e1tu","benefit_3":"\u010cist\u00e9 a kvalitn\u00ed ingredience","benefit_4":"Lehk\u00e9 a v\u00fd\u017eivn\u00e9"}},"_links":{"self":[{"href":"https:\/\/lunter.com\/cz\/wp-json\/wp\/v2\/product\/5362","targetHints":{"allow":["GET"]}}],"collection":[{"href":"https:\/\/lunter.com\/cz\/wp-json\/wp\/v2\/product"}],"about":[{"href":"https:\/\/lunter.com\/cz\/wp-json\/wp\/v2\/types\/product"}],"wp:featuredmedia":[{"embeddable":true,"href":"https:\/\/lunter.com\/cz\/wp-json\/wp\/v2\/media\/5311"}],"wp:attachment":[{"href":"https:\/\/lunter.com\/cz\/wp-json\/wp\/v2\/media?parent=5362"}],"wp:term":[{"taxonomy":"product_type","embeddable":true,"href":"https:\/\/lunter.com\/cz\/wp-json\/wp\/v2\/product_type?post=5362"}],"curies":[{"name":"wp","href":"https:\/\/api.w.org\/{rel}","templated":true}]}}