{"id":5359,"date":"2026-04-01T00:00:00","date_gmt":"2026-03-31T22:00:00","guid":{"rendered":"https:\/\/lunter.com\/?post_type=product&#038;p=5359"},"modified":"2026-03-11T17:56:22","modified_gmt":"2026-03-11T16:56:22","slug":"korean-bbq-tofu-kimchi-180","status":"publish","type":"product","link":"https:\/\/lunter.com\/cz\/produkty\/korean-bbq-tofu-kimchi-180\/","title":{"rendered":"LUNTER KOREAN BBQ TOFU KIMCHI"},"content":{"rendered":"\n<p>Je te\u010f n\u011bco v\u00edc trendy ne\u017e kimchi? Nemysl\u00edme si. Proto vznikla spolupr\u00e1ce Lunter x Sempio, ve kter\u00e9 ti p\u0159in\u00e1\u0161\u00edme novinku Lunter Korean BBQ tofu Kimchi. Marin\u00e1da je pikantn\u00ed, sv\u011b\u017e\u00ed, jemn\u011b nakysl\u00e1 a m\u00e1 typick\u00e9 kimchi umami.<\/p>\n\n\n\n<p>Tofu je u\u017e marinovan\u00e9 a p\u0159ipraven\u00e9 na okam\u017eit\u00e9 grilov\u00e1n\u00ed nebo restov\u00e1n\u00ed. Na grilu se rychle karamelizuje a nav\u00edc kr\u00e1sn\u011b von\u00ed. V balen\u00ed najde\u0161 i extra porci marin\u00e1dy, kterou m\u016f\u017ee\u0161 p\u0159idat pro v\u00fdrazn\u011bj\u0161\u00ed chu\u0165 tofu nebo j\u00ed dochutit dal\u0161\u00ed ingredience.<\/p>\n\n\n\n<p>Korean BBQ tofu Kimchi se hod\u00ed na gril i na p\u00e1nev, do woku, bowl\u016f, burger\u016f a wrap\u016f &#8211; kdykoli chce\u0161 rychl\u00e9 j\u00eddlo, kter\u00e9 chutn\u00e1 autenticky.<\/p>\n","protected":false},"featured_media":5292,"menu_order":0,"template":"","product_type":[253],"class_list":["post-5359","product","type-product","status-publish","has-post-thumbnail","hentry","product_type-marinovane-cz"],"acf":{"product_show_in_compact":"1","product_tagline":"Autentick\u00e1 chu\u0165 v ka\u017ed\u00e9m soustu","products_weight":"180 g","product_ornament_type":"splash","product_ornament_color":"#d46b5a","benefit_icons":"","protein_amount":25,"product_details":{"ingredients":"76 % tofu (57 % s\u00f3jov\u00e9 boby, voda), 24 % marin\u00e1da s p\u0159\u00edchut\u00ed kimchi [voda, fermentovan\u00fd s\u00f3jov\u00fd extrakt (voda, s\u016fl, s\u00f3jov\u00e9 boby, r\u00fd\u017ee), jable\u010dn\u00fd ocet, s\u016fl, ananasov\u00e9 pyr\u00e9, su\u0161en\u00fd \u010desnek, cukr, kuku\u0159i\u010dn\u00fd \u0161krob, su\u0161en\u00e1 cibule, chilli, kvasnicov\u00fd extrakt, mlet\u00fd z\u00e1zvor, mlet\u00e1 sladk\u00e1 paprika, zeleninov\u00fd v\u00fdvar (b\u00edl\u00e1 \u0159edkev, zel\u00ed, p\u00f3rek, houby shiitake, \u010desnek)].","packaging_image":5280,"nutritional_values":"<table class=\"nutritional-table\">\r\n<tbody>\r\n<tr>\r\n<th colspan=\"2\">V\u00fd\u017eivov\u00e9 \u00fadaje na 100 g<\/th>\r\n<\/tr>\r\n<tr>\r\n<td>Energie<\/td>\r\n<td>520 kJ\/125 kcal<\/td>\r\n<\/tr>\r\n<tr>\r\n<td>Tuky<\/td>\r\n<td>7,4 g<\/td>\r\n<\/tr>\r\n<tr>\r\n<td>- z toho nasycen\u00e9 mastn\u00e9 kyseliny<\/td>\r\n<td>1,3 g<\/td>\r\n<\/tr>\r\n<tr>\r\n<td>Sacharidy<\/td>\r\n<td>2,7 g<\/td>\r\n<\/tr>\r\n<tr>\r\n<td>- z toho cukry<\/td>\r\n<td>1,4 g<\/td>\r\n<\/tr>\r\n<tr>\r\n<td>Vl\u00e1knina<\/td>\r\n<td>1,2 g<\/td>\r\n<\/tr>\r\n<tr>\r\n<td>B\u00edlkoviny<\/td>\r\n<td>11 g<\/td>\r\n<\/tr>\r\n<tr>\r\n<td>S\u016fl<\/td>\r\n<td>1,2 g<\/td>\r\n<\/tr>\r\n<\/tbody>\r\n<\/table>"},"product_benefits":{"benefit_image":5286,"benefit_1":"Dokonale vyv\u00e1\u017een\u00e1 chu\u0165","benefit_2":"Vyrobeno s l\u00e1skou","benefit_3":"P\u0159ipraven\u00e9 b\u011bhem n\u011bkolika minut","benefit_4":"Op\u00e9k\u00e1n\u00ed, grilov\u00e1n\u00ed, pe\u010den\u00ed"}},"_links":{"self":[{"href":"https:\/\/lunter.com\/cz\/wp-json\/wp\/v2\/product\/5359","targetHints":{"allow":["GET"]}}],"collection":[{"href":"https:\/\/lunter.com\/cz\/wp-json\/wp\/v2\/product"}],"about":[{"href":"https:\/\/lunter.com\/cz\/wp-json\/wp\/v2\/types\/product"}],"wp:featuredmedia":[{"embeddable":true,"href":"https:\/\/lunter.com\/cz\/wp-json\/wp\/v2\/media\/5292"}],"wp:attachment":[{"href":"https:\/\/lunter.com\/cz\/wp-json\/wp\/v2\/media?parent=5359"}],"wp:term":[{"taxonomy":"product_type","embeddable":true,"href":"https:\/\/lunter.com\/cz\/wp-json\/wp\/v2\/product_type?post=5359"}],"curies":[{"name":"wp","href":"https:\/\/api.w.org\/{rel}","templated":true}]}}