{"id":5356,"date":"2026-04-01T00:00:00","date_gmt":"2026-03-31T22:00:00","guid":{"rendered":"https:\/\/lunter.com\/?post_type=product&#038;p=5356"},"modified":"2026-03-11T17:52:56","modified_gmt":"2026-03-11T16:52:56","slug":"korean-bbq-tofu-gochujang-180","status":"publish","type":"product","link":"https:\/\/lunter.com\/cz\/produkty\/korean-bbq-tofu-gochujang-180\/","title":{"rendered":"LUNTER KOREAN BBQ TOFU GOCHUJANG"},"content":{"rendered":"\n<p>Tohle je p\u0159esn\u011b ten typ chuti, kter\u00fd te\u010f v\u00e1lcuje street food i dom\u00e1c\u00ed kuchyn\u011b. Vzniklo ve spolupr\u00e1ci Lunter x Sempio a hlavn\u00ed roli hraje ikonick\u00e1 pasta gochujang, kter\u00e1 je sladko-p\u00e1liv\u00e1, jemn\u011b fermentovan\u00e1 a pln\u00e1 umami.<\/p>\n\n\n\n<p>Tofu je u\u017e marinovan\u00e9 a p\u0159ipraven\u00e9 na okam\u017eit\u00e9 grilov\u00e1n\u00ed nebo restov\u00e1n\u00ed, tak\u017ee dokonalou \u201eKoreu\u201c zvl\u00e1dne\u0161 i ve v\u0161edn\u00ed den, nejen o v\u00edkendu. V balen\u00ed najde\u0161 i extra porci marin\u00e1dy, kterou m\u016f\u017ee\u0161 vyu\u017e\u00edt bu\u010f pro je\u0161t\u011b v\u00fdrazn\u011bj\u0161\u00ed chu\u0165 tofu, nebo na dochucen\u00ed dal\u0161\u00edch ingredienc\u00ed.<\/p>\n\n\n\n<p>Korean BBQ tofu Gochujang se hod\u00ed na gril i na p\u00e1nev, do woku, bowl\u016f, burger\u016f a wrap\u016f &#8211; kdykoli chce\u0161 rychl\u00e9 j\u00eddlo, kter\u00e9 chutn\u00e1 autenticky.<\/p>\n","protected":false},"featured_media":5261,"menu_order":0,"template":"","product_type":[253],"class_list":["post-5356","product","type-product","status-publish","has-post-thumbnail","hentry","product_type-marinovane-cz"],"acf":{"product_show_in_compact":"1","product_tagline":"Autentick\u00e1 chu\u0165 v ka\u017ed\u00e9m soustu","products_weight":"180 g","product_ornament_type":"splash","product_ornament_color":"#c44a3f","benefit_icons":["number-protein","non-gmo-soybeans","source-of-calcium"],"protein_amount":"30","product_details":{"ingredients":"76 % tofu (57 % s\u00f3jov\u00e9 boby, voda), 24 % marin\u00e1da s p\u0159\u00edchut\u00ed gochujang (voda, cukr, r\u00fd\u017ee, mlet\u00e1 uzen\u00e1 paprika, s\u016fl, s\u00f3jov\u00e9 boby, \u0159epkov\u00fd olej, su\u0161en\u00e1 paprika, fermentovan\u00e1 p\u0161enice - neobsahuje lepek, kuku\u0159i\u010dn\u00fd \u0161krob, kvasnicov\u00fd extrakt, chilli, su\u0161en\u00e1 cibule, su\u0161en\u00e1 mrkev, \u010desnek).","packaging_image":5273,"nutritional_values":"<table class=\"nutritional-table\">\r\n<tbody>\r\n<tr>\r\n<th colspan=\"2\">V\u00fd\u017eivov\u00e9 \u00fadaje na 100 g<\/th>\r\n<\/tr>\r\n<tr>\r\n<td>Energie<\/td>\r\n<td>604 kJ\/145 kcal<\/td>\r\n<\/tr>\r\n<tr>\r\n<td>Tuky<\/td>\r\n<td>7,9 g<\/td>\r\n<\/tr>\r\n<tr>\r\n<td>- z toho nasycen\u00e9 mastn\u00e9 kyseliny<\/td>\r\n<td>1,1 g<\/td>\r\n<\/tr>\r\n<tr>\r\n<td>Sacharidy<\/td>\r\n<td>4,6 g<\/td>\r\n<\/tr>\r\n<tr>\r\n<td>- z toho cukry<\/td>\r\n<td>4,0 g<\/td>\r\n<\/tr>\r\n<tr>\r\n<td>Vl\u00e1knina<\/td>\r\n<td>2,3 g<\/td>\r\n<\/tr>\r\n<tr>\r\n<td>B\u00edlkoviny<\/td>\r\n<td>13 g<\/td>\r\n<\/tr>\r\n<tr>\r\n<td>S\u016fl<\/td>\r\n<td>1,2 g<\/td>\r\n<\/tr>\r\n<\/tbody>\r\n<\/table>"},"product_benefits":{"benefit_image":5320,"benefit_1":"Dokonale vyv\u00e1\u017een\u00e1 chu\u0165","benefit_2":"Vyrobeno s l\u00e1skou","benefit_3":"P\u0159ipraven\u00e9 b\u011bhem n\u011bkolika minut","benefit_4":"Op\u00e9k\u00e1n\u00ed, grilov\u00e1n\u00ed, pe\u010den\u00ed"}},"_links":{"self":[{"href":"https:\/\/lunter.com\/cz\/wp-json\/wp\/v2\/product\/5356","targetHints":{"allow":["GET"]}}],"collection":[{"href":"https:\/\/lunter.com\/cz\/wp-json\/wp\/v2\/product"}],"about":[{"href":"https:\/\/lunter.com\/cz\/wp-json\/wp\/v2\/types\/product"}],"wp:featuredmedia":[{"embeddable":true,"href":"https:\/\/lunter.com\/cz\/wp-json\/wp\/v2\/media\/5261"}],"wp:attachment":[{"href":"https:\/\/lunter.com\/cz\/wp-json\/wp\/v2\/media?parent=5356"}],"wp:term":[{"taxonomy":"product_type","embeddable":true,"href":"https:\/\/lunter.com\/cz\/wp-json\/wp\/v2\/product_type?post=5356"}],"curies":[{"name":"wp","href":"https:\/\/api.w.org\/{rel}","templated":true}]}}