{"id":4285,"date":"2025-09-05T13:43:43","date_gmt":"2025-09-05T11:43:43","guid":{"rendered":"https:\/\/lunter.com\/products\/lunter-minced-tofu-mild\/"},"modified":"2025-09-08T17:16:40","modified_gmt":"2025-09-08T15:16:40","slug":"lunter-minced-tofu-mild","status":"publish","type":"product","link":"https:\/\/lunter.com\/cz\/produkty\/lunter-minced-tofu-mild\/","title":{"rendered":"Lunter Minced Tofu Mild"},"content":{"rendered":"\n<p>Kone\u010dn\u011b mlet\u00e9 tofu, kter\u00e9 ti u\u0161et\u0159\u00ed \u010das i nervy v kuchyni. Chilli, tacos, burritos \u2013 v\u0161echno m\u00e1\u0161 hotov\u00e9 za p\u00e1r minut. Z\u00e1kladem je \u010dist\u00e9 tofu bez GMO a jednoduch\u00e1 marin\u00e1da, bez jak\u00fdchkoliv nep\u0159irozen\u00fdch a um\u011bl\u00fdch slo\u017eek a chemie. Nav\u00edc s jedn\u00edm balen\u00edm sv\u00e9mu t\u011blu dop\u0159eje\u0161 a\u017e 29 gram\u016f b\u00edlkovin!<\/p>\n\n\n\n<p><\/p>\n","protected":false},"featured_media":4239,"menu_order":0,"template":"","product_type":[349],"class_list":["post-4285","product","type-product","status-publish","has-post-thumbnail","hentry","product_type-minced-cz"],"acf":{"product_show_in_compact":"1","product_tagline":"Plnohodnotn\u00e9 j\u00eddlo p\u0159ipraven\u00e9 za 5 minut!","products_weight":"160 g","product_ornament_type":"cube","product_ornament_color":"#fcbe69","benefit_icons":["number-protein","non-gmo-soybeans","cooks-in-5-mins"],"protein_amount":"29","product_details":{"ingredients":"58 % s\u00f3jov\u00e9 boby, voda, karamel, mo\u0159sk\u00e1 s\u016fl, zpev\u0148uj\u00edc\u00ed l\u00e1tky (s\u00edran v\u00e1penat\u00fd, chlorid v\u00e1penat\u00fd), kvasnicov\u00fd extrakt, byliny a ko\u0159en\u00ed.","packaging_image":4299,"nutritional_values":"<table class=\"nutritional-table\">\r\n<tbody>\r\n<tr>\r\n<th colspan=\"2\">V\u00fd\u017eivov\u00e9 \u00fadaje na 100 g<\/th>\r\n<\/tr>\r\n<tr>\r\n<td>Energie<\/td>\r\n<td>702 kJ\/168 kcal<\/td>\r\n<\/tr>\r\n<tr>\r\n<td>Tuky<\/td>\r\n<td>9,8g<\/td>\r\n<\/tr>\r\n<tr>\r\n<td>\u2013 z toho nasycen\u00e9 mastn\u00e9 kyseliny<\/td>\r\n<td>1,5g<\/td>\r\n<\/tr>\r\n<tr>\r\n<td>Sacharidy<\/td>\r\n<td>1,0 g<\/td>\r\n<\/tr>\r\n<tr>\r\n<td>\u2013 z toho cukry<\/td>\r\n<td>0 g<\/td>\r\n<\/tr>\r\n<tr>\r\n<td>B\u00edlkoviny<\/td>\r\n<td>18g<\/td>\r\n<\/tr>\r\n<tr>\r\n<td>S\u016fl<\/td>\r\n<td>1,3g<\/td>\r\n<\/tr>\r\n<tr>\r\n<td>V\u00e1pn\u00edk<\/td>\r\n<td>392 mg**<\/td>\r\n<\/tr>\r\n<\/tbody>\r\n<\/table>\r\n<p class=\"note\">**49 % NRV (referen\u010dn\u00ed v\u00fd\u017eivov\u00e9 hodnoty)<\/p>"},"product_benefits":{"benefit_image":4324,"benefit_1":"Plnohodnotn\u00e9 j\u00eddlo hotov\u00e9 za 5 minut","benefit_2":"Nekone\u010dn\u00e9 kombinace chut\u00ed","benefit_3":"Nakr\u00e1jen\u00e9 a marinovan\u00e9","benefit_4":"Vysok\u00fd obsah b\u00edlkovin"}},"_links":{"self":[{"href":"https:\/\/lunter.com\/cz\/wp-json\/wp\/v2\/product\/4285","targetHints":{"allow":["GET"]}}],"collection":[{"href":"https:\/\/lunter.com\/cz\/wp-json\/wp\/v2\/product"}],"about":[{"href":"https:\/\/lunter.com\/cz\/wp-json\/wp\/v2\/types\/product"}],"wp:featuredmedia":[{"embeddable":true,"href":"https:\/\/lunter.com\/cz\/wp-json\/wp\/v2\/media\/4239"}],"wp:attachment":[{"href":"https:\/\/lunter.com\/cz\/wp-json\/wp\/v2\/media?parent=4285"}],"wp:term":[{"taxonomy":"product_type","embeddable":true,"href":"https:\/\/lunter.com\/cz\/wp-json\/wp\/v2\/product_type?post=4285"}],"curies":[{"name":"wp","href":"https:\/\/api.w.org\/{rel}","templated":true}]}}