{"id":3672,"date":"2025-05-14T11:23:26","date_gmt":"2025-05-14T09:23:26","guid":{"rendered":"https:\/\/lunter.com\/?post_type=product&#038;p=3672"},"modified":"2026-03-31T20:40:46","modified_gmt":"2026-03-31T18:40:46","slug":"lunter-smoky-bbq-tofu","status":"publish","type":"product","link":"https:\/\/lunter.com\/cz\/produkty\/lunter-smoky-bbq-tofu\/","title":{"rendered":"TOFU MARINATED SMOKY BBQ"},"content":{"rendered":"\n<p>Tou\u017e\u00edte po po\u0159\u00e1dn\u00e9 d\u00e1vce texask\u00e9ho BBQ bez masa? Objevte na\u0161e prvn\u00ed uzen\u00e9 tofu marinovan\u00e9 v jemn\u011b zakou\u0159en\u00e9 om\u00e1\u010dce pln\u00e9 chuti. Sta\u010d\u00ed ho hodit na gril a za p\u00e1r minut si vychutn\u00e1te \u0161\u0165avnatou rostlinnou pochoutku. Pln\u00e9 b\u00edlkovin, bez cholesterolu a bez konzervant\u016f. S na\u0161\u00edm Lunter Smoky BBQ nebylo nikdy snaz\u0161\u00ed prom\u011bnit tofu ve hv\u011bzdu grilova\u010dky.<\/p>\n","protected":false},"featured_media":5714,"menu_order":0,"template":"","product_type":[253,252],"class_list":["post-3672","product","type-product","status-publish","has-post-thumbnail","hentry","product_type-marinovane-cz","product_type-tofu-cz"],"acf":{"product_show_in_compact":"1","product_tagline":"Autentick\u00e1 chu\u0165 v ka\u017ed\u00e9m soustu","products_weight":"180 g","product_ornament_type":"splash","product_ornament_color":"#b07b67","benefit_icons":["number-protein","non-gmo-soybeans","source-of-calcium"],"protein_amount":"25","product_details":{"ingredients":"<p class=\"p2\">88 % uzen\u00e9 tofu (57 % s\u00f3jov\u00e9 boby, voda, s\u016fl, v\u00e1pn\u00edk), 12 % marin\u00e1da (voda, cukr, raj\u010datov\u00fd protlak, jable\u010dn\u00fd ocet, s\u00f3jov\u00e9 boby, fermentovan\u00e1 p\u0161enice \u2013 bez lepku, \u0159epkov\u00fd olej, ocet kvasn\u00fd lihov\u00fd, s\u016fl, 3 % ho\u0159\u010dice, cibule, paprika, kuku\u0159i\u010dn\u00fd \u0161krob, \u010desnek, karamelizovan\u00fd cukr, raj\u010datov\u00e1 \u0161\u0165\u00e1va z koncentr\u00e1tu, jable\u010dn\u00e1 \u0161\u0165\u00e1va z koncentr\u00e1tu, ko\u0159en\u00ed, p\u0159\u00edrodn\u00ed aroma, chilli).<\/p>","packaging_image":2020,"nutritional_values":"<table class=\"nutritional-table\">\r\n<tbody>\r\n<tr>\r\n<th colspan=\"2\">V\u00fd\u017eivov\u00e9 \u00fadaje na 100g<\/th>\r\n<\/tr>\r\n<tr>\r\n<td>Energie<\/td>\r\n<td>580 kJ\/139 kcal<\/td>\r\n<\/tr>\r\n<tr>\r\n<td>Tuky<\/td>\r\n<td>8.1 g<\/td>\r\n<\/tr>\r\n<tr>\r\n<td>\u2013 z toho nas\u00fdten\u00e9 mastn\u00e9 kyseliny<\/td>\r\n<td>1.6 g<\/td>\r\n<\/tr>\r\n<tr>\r\n<td>Sacharidy<\/td>\r\n<td>2.0 g<\/td>\r\n<\/tr>\r\n<tr>\r\n<td>\u2013 z toho cukry<\/td>\r\n<td>1.4 g<\/td>\r\n<\/tr>\r\n<tr>\r\n<td>Vl\u00e1knina<\/td>\r\n<td>1.6 g<\/td>\r\n<\/tr>\r\n<tr>\r\n<td>B\u00edlkoviny<\/td>\r\n<td>14 g<\/td>\r\n<\/tr>\r\n<tr>\r\n<td>S\u016fl<\/td>\r\n<td>1.0 g<\/td>\r\n<\/tr>\r\n<tr>\r\n<td>V\u00e1pn\u00edk<\/td>\r\n<td>210 mg**<\/td>\r\n<\/tr>\r\n<\/tbody>\r\n<\/table>\r\n<p class=\"note\">**26 % NRV (NRV = Referen\u010dn\u00ed v\u00fd\u017eivov\u00e9 hodnoty)<\/p>"},"product_benefits":{"benefit_image":3612,"benefit_1":"Dokonale vyv\u00e1\u017een\u00e1 chu\u0165","benefit_2":"Vyrobeno s l\u00e1skou","benefit_3":"P\u0159ipraven\u00e9 b\u011bhem n\u011bkolika minut","benefit_4":"Op\u00e9k\u00e1n\u00ed, grilov\u00e1n\u00ed, pe\u010den\u00ed"}},"_links":{"self":[{"href":"https:\/\/lunter.com\/cz\/wp-json\/wp\/v2\/product\/3672","targetHints":{"allow":["GET"]}}],"collection":[{"href":"https:\/\/lunter.com\/cz\/wp-json\/wp\/v2\/product"}],"about":[{"href":"https:\/\/lunter.com\/cz\/wp-json\/wp\/v2\/types\/product"}],"wp:featuredmedia":[{"embeddable":true,"href":"https:\/\/lunter.com\/cz\/wp-json\/wp\/v2\/media\/5714"}],"wp:attachment":[{"href":"https:\/\/lunter.com\/cz\/wp-json\/wp\/v2\/media?parent=3672"}],"wp:term":[{"taxonomy":"product_type","embeddable":true,"href":"https:\/\/lunter.com\/cz\/wp-json\/wp\/v2\/product_type?post=3672"}],"curies":[{"name":"wp","href":"https:\/\/api.w.org\/{rel}","templated":true}]}}