{"id":2306,"date":"2025-04-11T15:46:52","date_gmt":"2025-04-11T13:46:52","guid":{"rendered":"https:\/\/lunter.com\/products\/alu-french-spread-75\/"},"modified":"2025-04-11T15:56:19","modified_gmt":"2025-04-11T13:56:19","slug":"alu-french-spread-75","status":"publish","type":"product","link":"https:\/\/lunter.com\/cz\/produkty\/alu-french-spread-75\/","title":{"rendered":"FRANCOUZSK\u00c1 POMAZ\u00c1NKA ALU"},"content":{"rendered":"<p>Francouzsk\u00e1 je l\u00e1ska! Prvn\u00ed tofu pomaz\u00e1nka, kterou jsme vytvo\u0159ili. Oblibu si z\u00edskala d\u00edky sv\u00e9 pln\u00e9, lahodn\u00e9 chuti a vysok\u00e9mu obsahu rostlinn\u00fdch b\u00edlkovin. Ide\u00e1ln\u00ed na sendvi\u010de, sva\u010diny nebo jako dip k \u010derstv\u00e9 zelenin\u011b. Chutn\u00e1, v\u00fd\u017eivn\u00e1 a mezi na\u0161imi Luntery obl\u00edben\u00e1 od sam\u00e9ho za\u010d\u00e1tku. V praktick\u00e9m balen\u00ed, kter\u00e9 si m\u016f\u017eete vz\u00edt s sebou do pr\u00e1ce, do \u0161koly, na v\u00fdlet nebo na piknik.<\/p>\n","protected":false},"featured_media":1688,"menu_order":24,"template":"","product_type":[248],"class_list":["post-2306","product","type-product","status-publish","has-post-thumbnail","hentry","product_type-ambient-cz"],"acf":{"product_show_in_compact":"1","product_tagline":"Vezm\u011bte si je kamkoli","products_weight":"75g","product_ornament_type":"brush_thin","product_ornament_color":"#8DC5D3","benefit_icons":["source-of-fiber","no-preservatives","source-of-protein"],"protein_amount":"","product_details":{"ingredients":"31 % tofu (s\u00f3jov\u00e9 boby, voda), voda, okara (voda, s\u00f3jov\u00e9 boby), 8,2 % cibule, \u0159epkov\u00fd olej, 6,4 % su\u0161en\u00e9 potravin\u00e1\u0159sk\u00e9 dro\u017ed\u00ed (dro\u017ed\u00ed, je\u010dn\u00fd sladov\u00fd extrakt), modifikovan\u00fd kuku\u0159i\u010dn\u00fd \u0161krob, ho\u0159\u010dice plnotu\u010dn\u00e1 (voda, ho\u0159\u010di\u010dn\u00e9 semeno, ocet kvasn\u00fd lihov\u00fd, cukr, jedl\u00e1 s\u016fl, ko\u0159en\u00ed), jedl\u00e1 s\u016fl.","packaging_image":2080,"nutritional_values":"<table class=\"nutritional-table\"><tbody><tr><th colspan=\"2\">V\u00fd\u017eivov\u00e9 \u00fadaje na 100 g<\/th><\/tr><tr><td>Energie<\/td><td>571 kJ\/138 kcal<\/td><\/tr><tr><td>Tuky<\/td><td>9,5 g<\/td><\/tr><tr><td>\u2013 z toho nasycen\u00e9 mastn\u00e9 kyseliny<\/td><td>0,8 g<\/td><\/tr><tr><td>Sacharidy<\/td><td>4,0 g<\/td><\/tr><tr><td>\u2013 z toho cukry<\/td><td><0,5 g<\/td><\/tr><tr><td>Vl\u00e1knina<\/td><td>3,0 g<\/td><\/tr><tr><td>B\u00edlkoviny<\/td><td>7,5 g<\/td><\/tr><tr><td>S\u016fl<\/td><td>1,2 g<\/td><\/tr><\/tbody><\/table>"},"product_benefits":{"benefit_image":3487,"benefit_1":"Vyrobeno s l\u00e1skou","benefit_2":"Praktick\u00e9 balen\u00ed","benefit_3":"Dokonale vyv\u00e1\u017een\u00e1 chu\u0165","benefit_4":"Pouze p\u0159\u00edrodn\u00ed ingredience"}},"_links":{"self":[{"href":"https:\/\/lunter.com\/cz\/wp-json\/wp\/v2\/product\/2306","targetHints":{"allow":["GET"]}}],"collection":[{"href":"https:\/\/lunter.com\/cz\/wp-json\/wp\/v2\/product"}],"about":[{"href":"https:\/\/lunter.com\/cz\/wp-json\/wp\/v2\/types\/product"}],"wp:featuredmedia":[{"embeddable":true,"href":"https:\/\/lunter.com\/cz\/wp-json\/wp\/v2\/media\/1688"}],"wp:attachment":[{"href":"https:\/\/lunter.com\/cz\/wp-json\/wp\/v2\/media?parent=2306"}],"wp:term":[{"taxonomy":"product_type","embeddable":true,"href":"https:\/\/lunter.com\/cz\/wp-json\/wp\/v2\/product_type?post=2306"}],"curies":[{"name":"wp","href":"https:\/\/api.w.org\/{rel}","templated":true}]}}