{"id":2297,"date":"2025-04-11T15:46:52","date_gmt":"2025-04-11T13:46:52","guid":{"rendered":"https:\/\/lunter.com\/products\/creme-de-tofu-140\/"},"modified":"2026-02-27T22:46:22","modified_gmt":"2026-02-27T21:46:22","slug":"creme-de-tofu-140","status":"publish","type":"product","link":"https:\/\/lunter.com\/cz\/produkty\/creme-de-tofu-140\/","title":{"rendered":"LUNTER CREME DE TOFU"},"content":{"rendered":"<p>Tv\u016fj nov\u00fd tajn\u00fd trik v kuchyni je tady v nov\u00e9, vylep\u0161en\u00e9 receptu\u0159e. Kr\u00e9mov\u00e9, v\u0161estrann\u00e9 a neodolateln\u011b lahodn\u00e9 &#8211; ide\u00e1ln\u00ed na sladk\u00e9 i slan\u00e9 recepty. Perfektn\u00ed do cheesecaku, tiramisu nebo kr\u00e9mov\u00fdch om\u00e1\u010dek a zvl\u00e1dne\u0161 z n\u011bj ud\u011blat i zmrzlinu. Pou\u017eij ho jako z\u00e1klad do pol\u00e9vek, slan\u00fdch kol\u00e1\u010d\u016f nebo si s n\u00edm vytvo\u0159 \u00fapln\u011b nov\u00e9 pomaz\u00e1nky. Mo\u017enost\u00ed je nekone\u010dn\u011b. Cr\u00e8me de Tofu je ta spr\u00e1vn\u00e1 ingredience pro ka\u017ed\u00e9ho, kdo miluje kreativn\u00ed va\u0159en\u00ed. Vyzkou\u0161ej a posu\u0148 sv\u00e9 recepty na novou \u00farove\u0148.<\/p>\n","protected":false},"featured_media":5220,"template":"","product_type":[251],"class_list":["post-2297","product","type-product","status-publish","has-post-thumbnail","hentry","product_type-premium-cz"],"acf":{"product_show_in_compact":"1","product_tagline":"Lahodn\u00e1 chu\u0165 v ka\u017ed\u00e9m soustu","products_weight":"140g","product_ornament_type":"brush_thin","product_ornament_color":"#718cc5","benefit_icons":["lactose-free","no-preservatives","gluten-free"],"protein_amount":"","product_details":{"ingredients":"s\u00f3jov\u00fd n\u00e1poj (voda, s\u00f3jov\u00e9 boby), 27 % tofu (s\u00f3jov\u00e9 boby, voda), \u0159epkov\u00fd olej, olej ze semen m\u00e1slovn\u00edku, kuku\u0159i\u010dn\u00fd \u0161krob, stabiliz\u00e1tor: pektin, s\u016fl, koncentr\u00e1t z citronov\u00e9 \u0161\u0165\u00e1vy. M\u016f\u017ee obsahovat ho\u0159\u010dici.","packaging_image":2096,"nutritional_values":"<table class=\"nutritional-table\">\r\n<tbody>\r\n<tr>\r\n<th colspan=\"2\">V\u00fd\u017eivov\u00e9 \u00fadaje na 100 g<\/th>\r\n<\/tr>\r\n<tr>\r\n<td>Energie<\/td>\r\n<td>791 kJ\/192 kcal<\/td>\r\n<\/tr>\r\n<tr>\r\n<td>Tuky<\/td>\r\n<td>17 g<\/td>\r\n<\/tr>\r\n<tr>\r\n<td>- z toho nasycen\u00e9 mastn\u00e9 kyseliny<\/td>\r\n<td>3,2 g<\/td>\r\n<\/tr>\r\n<tr>\r\n<td>Sacharidy<\/td>\r\n<td>1,7 g<\/td>\r\n<\/tr>\r\n<tr>\r\n<td>- z toho cukry<\/td>\r\n<td>&lt;0,5 g<\/td>\r\n<\/tr>\r\n<tr>\r\n<td>Vl\u00e1knina<\/td>\r\n<td>2,3 g<\/td>\r\n<\/tr>\r\n<tr>\r\n<td>B\u00edlkoviny<\/td>\r\n<td>6,2 g<\/td>\r\n<\/tr>\r\n<tr>\r\n<td>S\u016fl<\/td>\r\n<td>0,36 g<\/td>\r\n<\/tr>\r\n<tr>\r\n<td>Lakt\u00f3za<\/td>\r\n<td>&lt;0,01 g<\/td>\r\n<\/tr>\r\n<\/tbody>\r\n<\/table>"},"product_benefits":{"benefit_image":3482,"benefit_1":"Vyrobeno s l\u00e1skou","benefit_2":"V\u0161estrann\u00e9 pou\u017eit\u00ed","benefit_3":"Dokonale vyv\u00e1\u017een\u00e1 chu\u0165","benefit_4":"Pouze p\u0159\u00edrodn\u00ed ingredience"}},"_links":{"self":[{"href":"https:\/\/lunter.com\/cz\/wp-json\/wp\/v2\/product\/2297","targetHints":{"allow":["GET"]}}],"collection":[{"href":"https:\/\/lunter.com\/cz\/wp-json\/wp\/v2\/product"}],"about":[{"href":"https:\/\/lunter.com\/cz\/wp-json\/wp\/v2\/types\/product"}],"wp:featuredmedia":[{"embeddable":true,"href":"https:\/\/lunter.com\/cz\/wp-json\/wp\/v2\/media\/5220"}],"wp:attachment":[{"href":"https:\/\/lunter.com\/cz\/wp-json\/wp\/v2\/media?parent=2297"}],"wp:term":[{"taxonomy":"product_type","embeddable":true,"href":"https:\/\/lunter.com\/cz\/wp-json\/wp\/v2\/product_type?post=2297"}],"curies":[{"name":"wp","href":"https:\/\/api.w.org\/{rel}","templated":true}]}}