{"id":2286,"date":"2025-04-11T15:46:46","date_gmt":"2025-04-11T13:46:46","guid":{"rendered":"https:\/\/lunter.com\/products\/chickpea-spread-100\/"},"modified":"2025-04-11T15:56:12","modified_gmt":"2025-04-11T13:56:12","slug":"chickpea-spread-100","status":"publish","type":"product","link":"https:\/\/lunter.com\/cz\/produkty\/chickpea-spread-100\/","title":{"rendered":"CIZRNOV\u00c1 POMAZ\u00c1NKA"},"content":{"rendered":"<p>V\u00e1\u0161 chl\u00e9b si zaslou\u017e\u00ed v\u00edc ne\u017e jen oby\u010dejn\u00e9 m\u00e1slo. Na\u0161e Lunter cizrnov\u00e1 pomaz\u00e1nka je kr\u00e9mov\u00e1, 100% rostlinn\u00e1 a pln\u00e1 b\u00edlkovin, p\u0159ipraven\u00e1 obohatit va\u0161e sendvi\u010de, sva\u010diny i p\u016flno\u010dn\u00ed v\u00fdlety do lednice. \u017d\u00e1dn\u00fd shon, \u017e\u00e1dn\u00e1 n\u00e1maha \u2013 jen lahodn\u00e1 kombinace tofu a cizrny, kterou sta\u010d\u00ed jen namazat a pochutnat si. M\u016f\u017eete si ji vychutnat klidn\u011b p\u0159\u00edmo z obalu.<\/p>\n","protected":false},"featured_media":1653,"menu_order":4,"template":"","product_type":[249],"class_list":["post-2286","product","type-product","status-publish","has-post-thumbnail","hentry","product_type-strivka"],"acf":{"product_show_in_compact":"1","product_tagline":"Nama\u017ete si ji s l\u00e1skou","products_weight":"100g","product_ornament_type":"brush_thin","product_ornament_color":"#E4C083","benefit_icons":["no-preservatives","gluten-free","source-of-protein"],"protein_amount":"","product_details":{"ingredients":"46 % cizrna, 26 % tofu (s\u00f3jov\u00e9 boby, voda), voda, \u0159epkov\u00fd olej, cibule, s\u016fl, kuku\u0159i\u010dn\u00fd \u0161krob, \u010desnek. M\u016f\u017ee obsahovat ho\u0159\u010dici.","packaging_image":2078,"nutritional_values":"<table class=\"nutritional-table\"><tbody><tr><th colspan=\"2\">V\u00fd\u017eivov\u00e9 \u00fadaje na 100 g<\/th><\/tr><tr><td>Energie<\/td><td>743 kJ\/179 kcal<\/td><\/tr><tr><td>Tuky<\/td><td>13 g<\/td><\/tr><tr><td>\u2013 z toho nasycen\u00e9 mastn\u00e9 kyseliny<\/td><td>1,0 g<\/td><\/tr><tr><td>Sacharidy<\/td><td>8,5 g<\/td><\/tr><tr><td>\u2013 z toho cukry<\/td><td>< 0,5 g<\/td><\/tr><tr><td>Vl\u00e1knina<\/td><td>2,3 g<\/td><\/tr><tr><td>B\u00edlkoviny<\/td><td>5,8 g<\/td><\/tr><tr><td>S\u016fl<\/td><td>1,1 g<\/td><\/tr><\/tbody><\/table>"},"product_benefits":{"benefit_image":3467,"benefit_1":"Vyrobeno s l\u00e1skou","benefit_2":"Praktick\u00e9 balen\u00ed","benefit_3":"Dokonale vyv\u00e1\u017een\u00e1 chu\u0165","benefit_4":"Pouze p\u0159\u00edrodn\u00ed ingredience"}},"_links":{"self":[{"href":"https:\/\/lunter.com\/cz\/wp-json\/wp\/v2\/product\/2286","targetHints":{"allow":["GET"]}}],"collection":[{"href":"https:\/\/lunter.com\/cz\/wp-json\/wp\/v2\/product"}],"about":[{"href":"https:\/\/lunter.com\/cz\/wp-json\/wp\/v2\/types\/product"}],"wp:featuredmedia":[{"embeddable":true,"href":"https:\/\/lunter.com\/cz\/wp-json\/wp\/v2\/media\/1653"}],"wp:attachment":[{"href":"https:\/\/lunter.com\/cz\/wp-json\/wp\/v2\/media?parent=2286"}],"wp:term":[{"taxonomy":"product_type","embeddable":true,"href":"https:\/\/lunter.com\/cz\/wp-json\/wp\/v2\/product_type?post=2286"}],"curies":[{"name":"wp","href":"https:\/\/api.w.org\/{rel}","templated":true}]}}