{"id":2283,"date":"2025-04-11T15:46:46","date_gmt":"2025-04-11T13:46:46","guid":{"rendered":"https:\/\/lunter.com\/products\/quick-creations-grain-pie-190\/"},"modified":"2026-03-04T14:53:28","modified_gmt":"2026-03-04T13:53:28","slug":"quick-creations-grain-pie-190","status":"publish","type":"product","link":"https:\/\/lunter.com\/cz\/produkty\/quick-creations-grain-pie-190\/","title":{"rendered":"QUICK CREATIONS TOFU PREJT"},"content":{"rendered":"<p>Hled\u00e1\u0161 j\u00eddlo, kter\u00e9 je stejn\u011b \u0161etrn\u00e9 k planet\u011b jako k tv\u00fdm chu\u0165ov\u00fdm poh\u00e1rk\u016fm? Na\u0161e Lunter Tofu Prejt bude tvoje nov\u00e9 obl\u00edben\u00e9 a rychl\u00e9 j\u00eddlo. Zkombinovali jsme syt\u00e9 je\u010dn\u00e9 kroupy s dokonale ochucenou sm\u011bs\u00ed z tofu. Nejen\u017ee je bohat\u00e1 na b\u00edlkoviny a m\u00e1 n\u00edzk\u00fd obsah cholesterolu, ale je tak\u00e9 mimo\u0159\u00e1dn\u011b jednoduch\u00e1 na p\u0159\u00edpravu. Sta\u010d\u00ed ji vlo\u017eit do trouby p\u0159edeh\u0159\u00e1t\u00e9 na 180 \u00b0C na 15 minut a voil\u00e0, chutn\u00e9 j\u00eddlo je p\u0159ipraven\u00e9 k serv\u00edrov\u00e1n\u00ed. Dopl\u0148 si ho svou obl\u00edbenou p\u0159\u00edlohou a m\u00e1\u0161 plnohodnotn\u00fd ob\u011bd \u010di ve\u010de\u0159i. Kdo by \u0159ekl, \u017ee d\u011blat udr\u017eiteln\u00e1 rozhodnut\u00ed m\u016f\u017ee b\u00fdt tak chutn\u00e9?<\/p>\n","protected":false},"featured_media":1641,"menu_order":253,"template":"","product_type":[245],"class_list":["post-2283","product","type-product","status-publish","has-post-thumbnail","hentry","product_type-quick-creations-cz"],"acf":{"product_show_in_compact":"1","product_tagline":"Rychl\u00e9, snadn\u00e9, chutn\u00e9","products_weight":"190g","product_ornament_type":"brush_thick","product_ornament_color":"#C7C982","benefit_icons":["source-of-fiber","no-preservatives","source-of-protein"],"protein_amount":"","product_details":{"ingredients":"<div class=\"html-div xdj266r x14z9mp xat24cr x1lziwak xexx8yu xyri2b x18d9i69 x1c1uobl x6ikm8r x10wlt62\">\r\n<div class=\"html-div xdj266r x14z9mp xat24cr x1lziwak x14ctfv x13sv91t x6ikm8r x10wlt62 xerhiuh x1pn3fxy x10zy8in xm9bcq3 x1n2onr6 x1vjfegm x1k4qllp x1mzt3pk x13faqbe x1xr0vuk x1jm4cbz x114wg8e xrrpcnn x14rx4xb x13fuv20 x18b5jzi x1q0q8m5 x1t7ytsu x19livfd x1h2krnu x3p3xfz xet2kk3 x1lu5o8o x1ou5ly4 xjwep3j x1pczhz8\" role=\"presentation\">\r\n<div class=\"html-div xexx8yu xyri2b x18d9i69 x1c1uobl x1gslohp x14z9mp x12nagc x1lziwak x1yc453h x126k92a x18lvrbx\" dir=\"auto\">voda, 14 % je\u010dn\u00e9 kroupy, \u0159epkov\u00fd olej, 7 % tofu (s\u00f3jov\u00e9 boby, voda), p\u0161eni\u010dn\u00e1 b\u00edlkovina, cibule, kuku\u0159i\u010dn\u00fd \u0161krob, \u010desnek, dro\u017ed\u00ed, s\u016fl, fermentovan\u00e1 r\u00fd\u017ee, ko\u0159en\u00ed. M\u016f\u017ee obsahovat ho\u0159\u010dici.<\/div>\r\n<\/div>\r\n<\/div>","packaging_image":2072,"nutritional_values":"<table class=\"nutritional-table\">\r\n<tbody>\r\n<tr>\r\n<th colspan=\"2\">V\u00fd\u017eivov\u00e9 \u00fadaje na 100 g<\/th>\r\n<\/tr>\r\n<tr>\r\n<td>Energie<\/td>\r\n<td>671 kJ\/161 kcal<\/td>\r\n<\/tr>\r\n<tr>\r\n<td>Tuky<\/td>\r\n<td>9,1 g<\/td>\r\n<\/tr>\r\n<tr>\r\n<td>\u2013 z toho nasycen\u00e9 mastn\u00e9 kyseliny<\/td>\r\n<td>0,7 g<\/td>\r\n<\/tr>\r\n<tr>\r\n<td>Sacharidy<\/td>\r\n<td>12 g<\/td>\r\n<\/tr>\r\n<tr>\r\n<td>\u2013 z toho cukry<\/td>\r\n<td>0,5 g<\/td>\r\n<\/tr>\r\n<tr>\r\n<td>Vl\u00e1knina<\/td>\r\n<td>4,0 g<\/td>\r\n<\/tr>\r\n<tr>\r\n<td>B\u00edlkoviny<\/td>\r\n<td>5,8 g<\/td>\r\n<\/tr>\r\n<tr>\r\n<td>S\u016fl<\/td>\r\n<td>1,2 g<\/td>\r\n<\/tr>\r\n<\/tbody>\r\n<\/table>"},"product_benefits":{"benefit_image":3532,"benefit_1":"P\u0159ipraven\u00e9 b\u011bhem n\u011bkolika minut","benefit_2":"Dokonale vyv\u00e1\u017een\u00e1 chu\u0165","benefit_3":"Vyrobeno s l\u00e1skou","benefit_4":"Pouze p\u0159\u00edrodn\u00ed ingredience"}},"_links":{"self":[{"href":"https:\/\/lunter.com\/cz\/wp-json\/wp\/v2\/product\/2283","targetHints":{"allow":["GET"]}}],"collection":[{"href":"https:\/\/lunter.com\/cz\/wp-json\/wp\/v2\/product"}],"about":[{"href":"https:\/\/lunter.com\/cz\/wp-json\/wp\/v2\/types\/product"}],"wp:featuredmedia":[{"embeddable":true,"href":"https:\/\/lunter.com\/cz\/wp-json\/wp\/v2\/media\/1641"}],"wp:attachment":[{"href":"https:\/\/lunter.com\/cz\/wp-json\/wp\/v2\/media?parent=2283"}],"wp:term":[{"taxonomy":"product_type","embeddable":true,"href":"https:\/\/lunter.com\/cz\/wp-json\/wp\/v2\/product_type?post=2283"}],"curies":[{"name":"wp","href":"https:\/\/api.w.org\/{rel}","templated":true}]}}