{"id":2281,"date":"2025-04-11T15:46:46","date_gmt":"2025-04-11T13:46:46","guid":{"rendered":"https:\/\/lunter.com\/products\/quick-creations-no-egg-190\/"},"modified":"2025-04-11T15:56:12","modified_gmt":"2025-04-11T13:56:12","slug":"quick-creations-no-egg-190","status":"publish","type":"product","link":"https:\/\/lunter.com\/cz\/produkty\/quick-creations-no-egg-190\/","title":{"rendered":"QUICK CREATIONS TOFU PRA\u017dENICE S CIBULKOU"},"content":{"rendered":"<p>Za\u010dn\u011bte r\u00e1no sn\u00eddan\u00ed, kter\u00e1 je stejn\u011b dynamick\u00e1 jako v\u00e1\u0161 den. Lunter Tofu Pra\u017eenica je p\u0159ipraveno vytvo\u0159it zdrav\u00e9 a chutn\u00e9 j\u00eddlo s minim\u00e1ln\u00ed n\u00e1mahou. Vyroben\u00e9 z na\u0161eho tofu, dokonale ochucen\u00e9, p\u0159in\u00e1\u0161ej\u00edc\u00ed zn\u00e1mou obl\u00edbenou chu\u0165, ale bez vajec. Pro\u010d ale z\u016fst\u00e1vat u sn\u00eddan\u011b, kdy\u017e si m\u016f\u017eete p\u0159ipravit v\u0161echna kulin\u00e1\u0159sk\u00e1 dobrodru\u017estv\u00ed? Zabalte ho do tortilly a p\u0159ipravte si tak b\u00edlkovinn\u00fd wrap, p\u0159idejte ho do ope\u010den\u00e9 r\u00fd\u017ee nebo ho vlo\u017ete do slan\u00e9ho kol\u00e1\u010de, ze kter\u00e9ho si ka\u017ed\u00fd bude cht\u00edt ukousnout. Mo\u017enosti jsou neomezen\u00e9 \u2013 stejn\u011b jako va\u0161e p\u0159edstavivost.<\/p>\n","protected":false},"featured_media":1780,"template":"","product_type":[245],"class_list":["post-2281","product","type-product","status-publish","has-post-thumbnail","hentry","product_type-quick-creations-cz"],"acf":{"product_show_in_compact":"1","product_tagline":"Rychl\u00e9, snadn\u00e9, chutn\u00e9","products_weight":"190g","product_ornament_type":"brush_thick","product_ornament_color":"#F8D277","benefit_icons":["source-of-fiber","gluten-free","source-of-protein"],"protein_amount":"","product_details":{"ingredients":"51 % tofu (s\u00f3jov\u00e9 boby, voda), s\u00f3jov\u00fd n\u00e1poj (voda, s\u00f3jov\u00e9 boby), 9 % cibule, okara (voda, s\u00f3jov\u00e9 boby), \u0159epkov\u00fd olej, su\u0161en\u00e9 potravin\u00e1\u0159sk\u00e9 dro\u017ed\u00ed, s\u016fl, 0,4 % su\u0161en\u00e1 cibule, kuku\u0159i\u010dn\u00fd \u0161krob, \u010desnekov\u00fd pr\u00e1\u0161ek, ko\u0159en\u00ed. M\u016f\u017ee obsahovat ho\u0159\u010dici.","packaging_image":2068,"nutritional_values":"<table class=\"nutritional-table\"><tbody><tr><th colspan=\"2\">V\u00fd\u017eivov\u00e9 \u00fadaje na 100 g<\/th><\/tr><tr><td>Energie<\/td><td>610 kJ\/147 kcal<\/td><\/tr><tr><td>Tuky<\/td><td>9,6 g<\/td><\/tr><tr><td>- z toho nasycen\u00e9 mastn\u00e9 kyseliny<\/td><td>0,7 g<\/td><\/tr><tr><td>Sacharidy<\/td><td>1,9 g<\/td><\/tr><tr><td>- z toho cukry<\/td><td><0,5 g<\/td><\/tr><tr><td>Vl\u00e1knina<\/td><td>2,3 g<\/td><\/tr><tr><td>B\u00edlkoviny<\/td><td>12 g<\/td><\/tr><tr><td>S\u016fl<\/td><td>1,0 g<\/td><\/tr><\/tbody><\/table>"},"product_benefits":{"benefit_image":3537,"benefit_1":"P\u0159ipraven\u00e9 b\u011bhem n\u011bkolika minut","benefit_2":"Dokonale vyv\u00e1\u017een\u00e1 chu\u0165","benefit_3":"Vyrobeno s l\u00e1skou","benefit_4":"Pouze p\u0159\u00edrodn\u00ed ingredience"}},"_links":{"self":[{"href":"https:\/\/lunter.com\/cz\/wp-json\/wp\/v2\/product\/2281","targetHints":{"allow":["GET"]}}],"collection":[{"href":"https:\/\/lunter.com\/cz\/wp-json\/wp\/v2\/product"}],"about":[{"href":"https:\/\/lunter.com\/cz\/wp-json\/wp\/v2\/types\/product"}],"wp:featuredmedia":[{"embeddable":true,"href":"https:\/\/lunter.com\/cz\/wp-json\/wp\/v2\/media\/1780"}],"wp:attachment":[{"href":"https:\/\/lunter.com\/cz\/wp-json\/wp\/v2\/media?parent=2281"}],"wp:term":[{"taxonomy":"product_type","embeddable":true,"href":"https:\/\/lunter.com\/cz\/wp-json\/wp\/v2\/product_type?post=2281"}],"curies":[{"name":"wp","href":"https:\/\/api.w.org\/{rel}","templated":true}]}}