{"id":2280,"date":"2025-04-11T15:46:46","date_gmt":"2025-04-11T13:46:46","guid":{"rendered":"https:\/\/lunter.com\/products\/quick-creations-cabbage-pie-190\/"},"modified":"2026-03-04T14:58:06","modified_gmt":"2026-03-04T13:58:06","slug":"quick-creations-cabbage-pie-190","status":"publish","type":"product","link":"https:\/\/lunter.com\/cz\/produkty\/quick-creations-cabbage-pie-190\/","title":{"rendered":"QUICK CREATIONS TOFU ZELN\u00dd N\u00c1KYP"},"content":{"rendered":"<p>Miluje\u0161 tradi\u010dn\u00ed j\u00eddla, ale pot\u0159ebuje\u0161 odleh\u010dit sv\u016fj j\u00eddeln\u00ed\u010dek? Lunter Quick Creations Tofu Zeln\u00fd N\u00e1kyp je tvoje z\u00e1chrana. Vyroben\u00e1 z kvalitn\u00edch ingredienc\u00ed kombinuje chu\u0165 kysan\u00e9ho zel\u00ed, jemn\u00fd je\u010dmen a na\u0161e lahodn\u00e9 tofu, aby ti p\u0159inesla klasickou chu\u0165, kterou miluje\u0161. Bez cholesterolu, bez konzervant\u016f \u2013 jen poctiv\u00e9 a syt\u00e9 j\u00eddlo, kter\u00e9 je z\u00e1rove\u0148 skv\u011bl\u00fdm zdrojem b\u00edlkovin. Sta\u010d\u00ed p\u00e9ct p\u0159i 180 \u00b0C p\u0159ibli\u017en\u011b 15 minut, pod\u00e1vat s obl\u00edbenou p\u0159\u00edlohou a vychutnat si rychl\u00e9 a chutn\u00e9 j\u00eddlo.<\/p>\n","protected":false},"featured_media":1647,"menu_order":241,"template":"","product_type":[245],"class_list":["post-2280","product","type-product","status-publish","has-post-thumbnail","hentry","product_type-quick-creations-cz"],"acf":{"product_show_in_compact":"1","product_tagline":"Rychl\u00e9, snadn\u00e9, chutn\u00e9","products_weight":"190g","product_ornament_type":"brush_thick","product_ornament_color":"#B28A74","benefit_icons":["no-preservatives","no-artificial-colors","source-of-protein"],"protein_amount":"","product_details":{"ingredients":"38 % kysan\u00e9 zel\u00ed (70 % zel\u00ed, s\u016fl, ko\u0159en\u00ed), 33 % je\u010dn\u00e9 kroupy, voda, \u0159epkov\u00fd olej, 4 % tofu (s\u00f3jov\u00e9 boby, voda), p\u0161eni\u010dn\u00e1 b\u00edlkovina, cibule, kuku\u0159i\u010dn\u00fd \u0161krob, \u010desnek, ko\u0159en\u00ed, s\u016fl, dro\u017ed\u00ed, fermentovan\u00e1 r\u00fd\u017ee. M\u016f\u017ee obsahovat ho\u0159\u010dici.","packaging_image":2066,"nutritional_values":"<table class=\"nutritional-table\">\r\n<tbody>\r\n<tr>\r\n<th colspan=\"2\">V\u00fd\u017eivov\u00e9 \u00fadaje na 100 g<\/th>\r\n<\/tr>\r\n<tr>\r\n<td>Energie<\/td>\r\n<td>869 kJ\/208 kcal<\/td>\r\n<\/tr>\r\n<tr>\r\n<td>Tuky<\/td>\r\n<td>11g<\/td>\r\n<\/tr>\r\n<tr>\r\n<td>\u2013 z toho nasycen\u00e9 mastn\u00e9 kyseliny<\/td>\r\n<td>0,8g<\/td>\r\n<\/tr>\r\n<tr>\r\n<td>Sacharidy<\/td>\r\n<td>17g<\/td>\r\n<\/tr>\r\n<tr>\r\n<td>\u2013 z toho cukry<\/td>\r\n<td>&lt;0,5g<\/td>\r\n<\/tr>\r\n<tr>\r\n<td>Vl\u00e1knina<\/td>\r\n<td>2,7g<\/td>\r\n<\/tr>\r\n<tr>\r\n<td>B\u00edlkoviny<\/td>\r\n<td>8,9g<\/td>\r\n<\/tr>\r\n<tr>\r\n<td>S\u016fl<\/td>\r\n<td>1,4g<\/td>\r\n<\/tr>\r\n<\/tbody>\r\n<\/table>"},"product_benefits":{"benefit_image":3527,"benefit_1":"P\u0159ipraven\u00e9 b\u011bhem n\u011bkolika minut","benefit_2":"Dokonale vyv\u00e1\u017een\u00e1 chu\u0165","benefit_3":"Vyrobeno s l\u00e1skou","benefit_4":"Pouze p\u0159\u00edrodn\u00ed ingredience"}},"_links":{"self":[{"href":"https:\/\/lunter.com\/cz\/wp-json\/wp\/v2\/product\/2280","targetHints":{"allow":["GET"]}}],"collection":[{"href":"https:\/\/lunter.com\/cz\/wp-json\/wp\/v2\/product"}],"about":[{"href":"https:\/\/lunter.com\/cz\/wp-json\/wp\/v2\/types\/product"}],"wp:featuredmedia":[{"embeddable":true,"href":"https:\/\/lunter.com\/cz\/wp-json\/wp\/v2\/media\/1647"}],"wp:attachment":[{"href":"https:\/\/lunter.com\/cz\/wp-json\/wp\/v2\/media?parent=2280"}],"wp:term":[{"taxonomy":"product_type","embeddable":true,"href":"https:\/\/lunter.com\/cz\/wp-json\/wp\/v2\/product_type?post=2280"}],"curies":[{"name":"wp","href":"https:\/\/api.w.org\/{rel}","templated":true}]}}