{"id":3117,"date":"2025-04-15T17:18:38","date_gmt":"2025-04-15T15:18:38","guid":{"rendered":"https:\/\/lunter.com\/jak-na-tofu\/"},"modified":"2025-05-02T13:16:26","modified_gmt":"2025-05-02T11:16:26","slug":"jak-na-tofu","status":"publish","type":"page","link":"https:\/\/lunter.com\/cz\/jak-na-tofu\/","title":{"rendered":"Tofu pro za\u010d\u00e1te\u010dn\u00edky"},"content":{"rendered":"","protected":false},"excerpt":{"rendered":"","protected":false},"author":1,"featured_media":3080,"parent":0,"menu_order":0,"comment_status":"closed","ping_status":"closed","template":"templates\/template-how-to-tofu.php","meta":{"_acf_changed":false,"footnotes":""},"class_list":["post-3117","page","type-page","status-publish","has-post-thumbnail","hentry"],"acf":[],"_links":{"self":[{"href":"https:\/\/lunter.com\/cz\/wp-json\/wp\/v2\/pages\/3117","targetHints":{"allow":["GET"]}}],"collection":[{"href":"https:\/\/lunter.com\/cz\/wp-json\/wp\/v2\/pages"}],"about":[{"href":"https:\/\/lunter.com\/cz\/wp-json\/wp\/v2\/types\/page"}],"author":[{"embeddable":true,"href":"https:\/\/lunter.com\/cz\/wp-json\/wp\/v2\/users\/1"}],"replies":[{"embeddable":true,"href":"https:\/\/lunter.com\/cz\/wp-json\/wp\/v2\/comments?post=3117"}],"version-history":[{"count":7,"href":"https:\/\/lunter.com\/cz\/wp-json\/wp\/v2\/pages\/3117\/revisions"}],"predecessor-version":[{"id":3652,"href":"https:\/\/lunter.com\/cz\/wp-json\/wp\/v2\/pages\/3117\/revisions\/3652"}],"wp:featuredmedia":[{"embeddable":true,"href":"https:\/\/lunter.com\/cz\/wp-json\/wp\/v2\/media\/3080"}],"wp:attachment":[{"href":"https:\/\/lunter.com\/cz\/wp-json\/wp\/v2\/media?parent=3117"}],"curies":[{"name":"wp","href":"https:\/\/api.w.org\/{rel}","templated":true}]}}