{"id":3064,"date":"2025-04-07T20:10:03","date_gmt":"2025-04-07T18:10:03","guid":{"rendered":"https:\/\/lunter.com\/?page_id=3064"},"modified":"2025-04-23T10:10:38","modified_gmt":"2025-04-23T08:10:38","slug":"o-nas","status":"publish","type":"page","link":"https:\/\/lunter.com\/cz\/o-nas\/","title":{"rendered":"O n\u00e1s"},"content":{"rendered":"\n<p>Skv\u011bl\u00e9 tofu nemus\u00ed b\u00fdt raketov\u00e1 v\u011bda. Sta\u010d\u00ed k tomu \u010dist\u00e9 suroviny, v\u00fdrobn\u00ed postup prov\u011b\u0159en\u00fd dv\u011bma tis\u00edcilet\u00edmi a \u017e\u00e1dn\u00e9 um\u011bl\u00e9 p\u0159\u00edsady, kter\u00e9 ani vy, ani j\u00e1 neum\u00edme vyslovit. U\u017e v\u00edce ne\u017e 30 let v tom m\u00e1me jasno &#8211; tofu vyr\u00e1b\u00edme tak, jak ho m\u00e1me r\u00e1di: chutn\u00e9, kvalitn\u00ed a tak snadn\u00e9, \u017ee si ho m\u016f\u017eete d\u00e1t kdykoli a jakkoli.<\/p>\n\n\n\n<p>Nez\u00e1le\u017e\u00ed na tom, jestli tofu zn\u00e1te u\u017e l\u00e9ta, jste na n\u011bj jen trochu zv\u011bdav\u00ed nebo jen hled\u00e1te rychl\u00e9, v\u00fd\u017eivn\u00e9 j\u00eddlo, kter\u00e9 si m\u016f\u017eete p\u0159ipravit, i kdy\u017e u\u017e v lednici skoro nic nem\u00e1te. Spole\u010dnost Lunter je tu od toho, aby v\u00e1m usnadnila p\u0159\u00edpravu, byla cenov\u011b dostupn\u00e1 a hlavn\u011b chutn\u00e1. \u010cist\u00e9. Poctiv\u00e9. Vyrobeno s l\u00e1skou.<\/p>\n","protected":false},"excerpt":{"rendered":"<p>Skv\u011bl\u00e9 tofu nemus\u00ed b\u00fdt raketov\u00e1 v\u011bda. Sta\u010d\u00ed k tomu \u010dist\u00e9 suroviny, v\u00fdrobn\u00ed postup prov\u011b\u0159en\u00fd dv\u011bma tis\u00edcilet\u00edmi a \u017e\u00e1dn\u00e9 um\u011bl\u00e9 p\u0159\u00edsady, kter\u00e9 ani vy, ani j\u00e1 neum\u00edme vyslovit. U\u017e v\u00edce ne\u017e 30 let v tom m\u00e1me jasno &#8211; tofu vyr\u00e1b\u00edme tak, jak ho m\u00e1me r\u00e1di: chutn\u00e9, kvalitn\u00ed a tak snadn\u00e9, \u017ee si ho m\u016f\u017eete d\u00e1t kdykoli [&hellip;]<\/p>\n","protected":false},"author":7,"featured_media":0,"parent":0,"menu_order":0,"comment_status":"closed","ping_status":"closed","template":"templates\/template-about.php","meta":{"_acf_changed":false,"footnotes":""},"class_list":["post-3064","page","type-page","status-publish","hentry"],"acf":[],"_links":{"self":[{"href":"https:\/\/lunter.com\/cz\/wp-json\/wp\/v2\/pages\/3064","targetHints":{"allow":["GET"]}}],"collection":[{"href":"https:\/\/lunter.com\/cz\/wp-json\/wp\/v2\/pages"}],"about":[{"href":"https:\/\/lunter.com\/cz\/wp-json\/wp\/v2\/types\/page"}],"author":[{"embeddable":true,"href":"https:\/\/lunter.com\/cz\/wp-json\/wp\/v2\/users\/7"}],"replies":[{"embeddable":true,"href":"https:\/\/lunter.com\/cz\/wp-json\/wp\/v2\/comments?post=3064"}],"version-history":[{"count":7,"href":"https:\/\/lunter.com\/cz\/wp-json\/wp\/v2\/pages\/3064\/revisions"}],"predecessor-version":[{"id":3287,"href":"https:\/\/lunter.com\/cz\/wp-json\/wp\/v2\/pages\/3064\/revisions\/3287"}],"wp:attachment":[{"href":"https:\/\/lunter.com\/cz\/wp-json\/wp\/v2\/media?parent=3064"}],"curies":[{"name":"wp","href":"https:\/\/api.w.org\/{rel}","templated":true}]}}